{"id":370,"date":"2024-02-16T13:36:04","date_gmt":"2024-02-16T13:36:04","guid":{"rendered":"https:\/\/thetouchpoint.co.il\/?page_id=370"},"modified":"2024-02-22T12:56:27","modified_gmt":"2024-02-22T12:56:27","slug":"retails","status":"publish","type":"page","link":"https:\/\/thetouchpoint.co.il\/es\/ventas-al-por-menor\/","title":{"rendered":"Ventas al por menor"},"content":{"rendered":"<div data-elementor-type=\"wp-page\" data-elementor-id=\"370\" class=\"elementor elementor-370\" data-elementor-post-type=\"page\">\n\t\t\t\t<div class=\"elementor-element elementor-element-156a0be7 e-flex e-con-boxed e-con e-parent\" data-id=\"156a0be7\" data-element_type=\"container\" data-settings=\"{&quot;background_background&quot;:&quot;classic&quot;}\">\n\t\t\t\t\t<div class=\"e-con-inner\">\n\t\t\t\t<div class=\"elementor-element elementor-element-94fda3c elementor-invisible elementor-widget elementor-widget-heading\" data-id=\"94fda3c\" data-element_type=\"widget\" data-settings=\"{&quot;_animation&quot;:&quot;zoomIn&quot;}\" data-widget_type=\"heading.default\">\n\t\t\t\t<div class=\"elementor-widget-container\">\n\t\t\t<h2 class=\"elementor-heading-title elementor-size-default\">Ventas al por menor<\/h2>\t\t<\/div>\n\t\t\t\t<\/div>\n\t\t\t\t\t<\/div>\n\t\t\t\t<\/div>\n\t\t<div class=\"elementor-element elementor-element-33a58d9b e-con-full e-flex e-con e-parent\" data-id=\"33a58d9b\" data-element_type=\"container\" data-settings=\"{&quot;background_background&quot;:&quot;gradient&quot;}\">\n\t\t<div class=\"elementor-element elementor-element-5b0b5828 e-con-full e-flex e-con e-child\" data-id=\"5b0b5828\" data-element_type=\"container\">\n\t\t\t\t<div class=\"elementor-element elementor-element-6546064a elementor-invisible elementor-widget elementor-widget-image\" data-id=\"6546064a\" data-element_type=\"widget\" data-settings=\"{&quot;motion_fx_motion_fx_scrolling&quot;:&quot;yes&quot;,&quot;motion_fx_translateY_effect&quot;:&quot;yes&quot;,&quot;motion_fx_translateY_direction&quot;:&quot;negative&quot;,&quot;motion_fx_translateY_speed&quot;:{&quot;unit&quot;:&quot;px&quot;,&quot;size&quot;:1.5,&quot;sizes&quot;:[]},&quot;_animation&quot;:&quot;slideInLeft&quot;,&quot;motion_fx_translateY_affectedRange&quot;:{&quot;unit&quot;:&quot;%&quot;,&quot;size&quot;:&quot;&quot;,&quot;sizes&quot;:{&quot;start&quot;:0,&quot;end&quot;:100}},&quot;motion_fx_devices&quot;:[&quot;desktop&quot;,&quot;tablet&quot;,&quot;mobile&quot;]}\" data-widget_type=\"image.default\">\n\t\t\t\t<div class=\"elementor-widget-container\">\n\t\t\t\t\t\t\t\t\t\t\t\t\t<img fetchpriority=\"high\" decoding=\"async\" width=\"875\" height=\"875\" src=\"https:\/\/thetouchpoint.co.il\/wp-content\/uploads\/2024\/02\/New-website-matirial-2.png\" class=\"attachment-full size-full wp-image-374\" alt=\"\" srcset=\"https:\/\/thetouchpoint.co.il\/wp-content\/uploads\/2024\/02\/New-website-matirial-2.png 875w, https:\/\/thetouchpoint.co.il\/wp-content\/uploads\/2024\/02\/New-website-matirial-2-300x300.png 300w, https:\/\/thetouchpoint.co.il\/wp-content\/uploads\/2024\/02\/New-website-matirial-2-150x150.png 150w, https:\/\/thetouchpoint.co.il\/wp-content\/uploads\/2024\/02\/New-website-matirial-2-768x768.png 768w, https:\/\/thetouchpoint.co.il\/wp-content\/uploads\/2024\/02\/New-website-matirial-2-600x600.png 600w, https:\/\/thetouchpoint.co.il\/wp-content\/uploads\/2024\/02\/New-website-matirial-2-100x100.png 100w\" sizes=\"(max-width: 875px) 100vw, 875px\" \/>\t\t\t\t\t\t\t\t\t\t\t\t\t<\/div>\n\t\t\t\t<\/div>\n\t\t\t\t<\/div>\n\t\t<div class=\"elementor-element elementor-element-200e1a6b e-con-full e-flex e-con e-child\" data-id=\"200e1a6b\" data-element_type=\"container\">\n\t\t<div class=\"elementor-element elementor-element-6cf5ba76 e-flex e-con-boxed e-con e-child\" data-id=\"6cf5ba76\" data-element_type=\"container\">\n\t\t\t\t\t<div class=\"e-con-inner\">\n\t\t\t\t<div class=\"elementor-element elementor-element-3d186d24 animated-slow elementor-invisible elementor-widget elementor-widget-heading\" data-id=\"3d186d24\" data-element_type=\"widget\" data-settings=\"{&quot;_animation&quot;:&quot;fadeIn&quot;}\" data-widget_type=\"heading.default\">\n\t\t\t\t<div class=\"elementor-widget-container\">\n\t\t\t<h1 class=\"elementor-heading-title elementor-size-default\">Comprometer. Informar. Inspirar.<\/h1>\t\t<\/div>\n\t\t\t\t<\/div>\n\t\t\t\t<div class=\"elementor-element elementor-element-771c659a elementor-invisible elementor-widget elementor-widget-text-editor\" data-id=\"771c659a\" data-element_type=\"widget\" data-settings=\"{&quot;_animation&quot;:&quot;fadeIn&quot;,&quot;_animation_delay&quot;:200}\" data-widget_type=\"text-editor.default\">\n\t\t\t\t<div class=\"elementor-widget-container\">\n\t\t\t\t\t\t\t<p>En el acelerado entorno del comercio minorista, destacarse y ofrecer valor es clave para captar el inter\u00e9s y la lealtad de los clientes. Nuestras innovadoras soluciones de punto de contacto, dise\u00f1adas para minoristas con visi\u00f3n de futuro, cierran la brecha entre los productos f\u00edsicos y las experiencias digitales. Descubra c\u00f3mo nuestras etiquetas inteligentes pueden transformar sus estantes minoristas en puntos de contacto interactivos, brindando a los clientes acceso instant\u00e1neo a informaci\u00f3n detallada del producto, contenido inmersivo y m\u00e1s.<\/p>\t\t\t\t\t\t<\/div>\n\t\t\t\t<\/div>\n\t\t\t\t<div class=\"elementor-element elementor-element-17ebf83 elementor-mobile-align-justify animated-fast elementor-align-justify elementor-invisible elementor-widget elementor-widget-button\" data-id=\"17ebf83\" data-element_type=\"widget\" data-settings=\"{&quot;_animation&quot;:&quot;fadeIn&quot;,&quot;_animation_delay&quot;:400}\" data-widget_type=\"button.default\">\n\t\t\t\t<div class=\"elementor-widget-container\">\n\t\t\t\t\t<div class=\"elementor-button-wrapper\">\n\t\t\t<a class=\"elementor-button elementor-button-link elementor-size-sm elementor-animation-float\" href=\"#elementor-action%3Aaction%3Dpopup%3Aopen%26settings%3DeyJpZCI6IjU3MSIsInRvZ2dsZSI6ZmFsc2V9\">\n\t\t\t\t\t\t<span class=\"elementor-button-content-wrapper\">\n\t\t\t\t\t\t\t\t\t<span class=\"elementor-button-text\">Consigue una cotizaci\u00f3n<\/span>\n\t\t\t\t\t<\/span>\n\t\t\t\t\t<\/a>\n\t\t<\/div>\n\t\t\t\t<\/div>\n\t\t\t\t<\/div>\n\t\t\t\t\t<\/div>\n\t\t\t\t<\/div>\n\t\t\t\t<\/div>\n\t\t\t\t<\/div>\n\t\t<div class=\"elementor-element elementor-element-4898454c e-flex e-con-boxed e-con e-parent\" data-id=\"4898454c\" data-element_type=\"container\">\n\t\t\t\t\t<div class=\"e-con-inner\">\n\t\t\t\t<div class=\"elementor-element elementor-element-de47723 animated-slow elementor-invisible elementor-widget elementor-widget-heading\" data-id=\"de47723\" data-element_type=\"widget\" data-settings=\"{&quot;_animation&quot;:&quot;fadeIn&quot;}\" data-widget_type=\"heading.default\">\n\t\t\t\t<div class=\"elementor-widget-container\">\n\t\t\t<h2 class=\"elementor-heading-title elementor-size-default\">C\u00f3mo funciona: puntos de contacto para el comercio minorista<\/h2>\t\t<\/div>\n\t\t\t\t<\/div>\n\t\t\t\t<div class=\"elementor-element elementor-element-6d250572 elementor-invisible elementor-widget elementor-widget-text-editor\" data-id=\"6d250572\" data-element_type=\"widget\" data-settings=\"{&quot;_animation&quot;:&quot;fadeIn&quot;,&quot;_animation_delay&quot;:200}\" data-widget_type=\"text-editor.default\">\n\t\t\t\t<div class=\"elementor-widget-container\">\n\t\t\t\t\t\t\t<p><strong>Informaci\u00f3n instantanea:<\/strong> Los clientes tocan su tel\u00e9fono inteligente en el\u00a0<span style=\"text-align: start;\">punto de contacto<\/span> ubicados en los estantes de las tiendas minoristas para acceder a una gran cantidad de informaci\u00f3n sobre el producto, directamente en su dispositivo.<\/p><p><strong>Entrega uniforme de contenido:<\/strong> Cada etiqueta dirige a los clientes a una p\u00e1gina de destino estandarizada, lo que garantiza mensajes de marca e informaci\u00f3n del producto coherentes en todas las tiendas minoristas.<\/p><p><strong>Actualizaciones de contenido din\u00e1mico:<\/strong> Nuestra tecnolog\u00eda permite la personalizaci\u00f3n inmediata y futura del contenido transmitido por cada etiqueta, asegurando que sus mensajes de marketing permanezcan frescos y relevantes.<\/p><p><strong>Perspectivas del consumidor:<\/strong> Analice las interacciones de los consumidores en el piso de ventas, proporcionando datos precisos sobre c\u00f3mo y d\u00f3nde interact\u00faan los clientes con la informaci\u00f3n de su producto.<\/p>\t\t\t\t\t\t<\/div>\n\t\t\t\t<\/div>\n\t\t\t\t\t<\/div>\n\t\t\t\t<\/div>\n\t\t<div class=\"elementor-element elementor-element-48319187 e-flex e-con-boxed elementor-invisible e-con e-parent\" data-id=\"48319187\" data-element_type=\"container\" data-settings=\"{&quot;animation&quot;:&quot;fadeInUp&quot;}\">\n\t\t\t\t\t<div class=\"e-con-inner\">\n\t\t<div class=\"elementor-element elementor-element-30cee76f e-con-full e-flex e-con e-child\" data-id=\"30cee76f\" data-element_type=\"container\" data-settings=\"{&quot;background_background&quot;:&quot;classic&quot;}\">\n\t\t\t\t<div class=\"elementor-element elementor-element-1cc4ae9d animated-slow elementor-invisible elementor-widget elementor-widget-heading\" data-id=\"1cc4ae9d\" data-element_type=\"widget\" data-settings=\"{&quot;_animation&quot;:&quot;fadeIn&quot;}\" data-widget_type=\"heading.default\">\n\t\t\t\t<div class=\"elementor-widget-container\">\n\t\t\t<h3 class=\"elementor-heading-title elementor-size-default\">Compromiso del cliente mejorado<\/h3>\t\t<\/div>\n\t\t\t\t<\/div>\n\t\t\t\t<div class=\"elementor-element elementor-element-7c81ff5e elementor-invisible elementor-widget elementor-widget-text-editor\" data-id=\"7c81ff5e\" data-element_type=\"widget\" data-settings=\"{&quot;_animation&quot;:&quot;fadeIn&quot;,&quot;_animation_delay&quot;:200}\" data-widget_type=\"text-editor.default\">\n\t\t\t\t<div class=\"elementor-widget-container\">\n\t\t\t\t\t\t\t<p>Ofrecer una experiencia de compra interactiva que eduque y entretenga, aumentando la satisfacci\u00f3n y fidelidad del cliente.<\/p>\t\t\t\t\t\t<\/div>\n\t\t\t\t<\/div>\n\t\t\t\t<\/div>\n\t\t<div class=\"elementor-element elementor-element-1cf2023 e-con-full e-flex e-con e-child\" data-id=\"1cf2023\" data-element_type=\"container\" data-settings=\"{&quot;background_background&quot;:&quot;classic&quot;}\">\n\t\t\t\t<div class=\"elementor-element elementor-element-31cf87e6 animated-slow elementor-invisible elementor-widget elementor-widget-heading\" data-id=\"31cf87e6\" data-element_type=\"widget\" data-settings=\"{&quot;_animation&quot;:&quot;fadeIn&quot;}\" data-widget_type=\"heading.default\">\n\t\t\t\t<div class=\"elementor-widget-container\">\n\t\t\t<h3 class=\"elementor-heading-title elementor-size-default\">Informaci\u00f3n detallada del producto<\/h3>\t\t<\/div>\n\t\t\t\t<\/div>\n\t\t\t\t<div class=\"elementor-element elementor-element-2bf505f3 elementor-invisible elementor-widget elementor-widget-text-editor\" data-id=\"2bf505f3\" data-element_type=\"widget\" data-settings=\"{&quot;_animation&quot;:&quot;fadeIn&quot;,&quot;_animation_delay&quot;:200}\" data-widget_type=\"text-editor.default\">\n\t\t\t\t<div class=\"elementor-widget-container\">\n\t\t\t\t\t\t\t<p>Ofrezca a los clientes informaci\u00f3n completa sobre productos, rese\u00f1as e incluso experiencias de realidad aumentada, todo accesible con un simple toque.<\/p>\t\t\t\t\t\t<\/div>\n\t\t\t\t<\/div>\n\t\t\t\t<\/div>\n\t\t<div class=\"elementor-element elementor-element-721ae4e5 e-con-full e-flex e-con e-child\" data-id=\"721ae4e5\" data-element_type=\"container\" data-settings=\"{&quot;background_background&quot;:&quot;classic&quot;}\">\n\t\t\t\t<div class=\"elementor-element elementor-element-316f9b5b animated-slow elementor-invisible elementor-widget elementor-widget-heading\" data-id=\"316f9b5b\" data-element_type=\"widget\" data-settings=\"{&quot;_animation&quot;:&quot;fadeIn&quot;}\" data-widget_type=\"heading.default\">\n\t\t\t\t<div class=\"elementor-widget-container\">\n\t\t\t<h3 class=\"elementor-heading-title elementor-size-default\">An\u00e1lisis en tiempo real<\/h3>\t\t<\/div>\n\t\t\t\t<\/div>\n\t\t\t\t<div class=\"elementor-element elementor-element-7ef6617 elementor-invisible elementor-widget elementor-widget-text-editor\" data-id=\"7ef6617\" data-element_type=\"widget\" data-settings=\"{&quot;_animation&quot;:&quot;fadeIn&quot;,&quot;_animation_delay&quot;:200}\" data-widget_type=\"text-editor.default\">\n\t\t\t\t<div class=\"elementor-widget-container\">\n\t\t\t\t\t\t\t<p>Obtenga informaci\u00f3n valiosa sobre el comportamiento y las preferencias del consumidor, lo que permitir\u00e1 estrategias de colocaci\u00f3n de productos y marketing m\u00e1s espec\u00edficas.<\/p>\t\t\t\t\t\t<\/div>\n\t\t\t\t<\/div>\n\t\t\t\t<\/div>\n\t\t\t\t\t<\/div>\n\t\t\t\t<\/div>\n\t\t<div class=\"elementor-element elementor-element-2985c9d e-con-full e-flex e-con e-parent\" data-id=\"2985c9d\" data-element_type=\"container\" data-settings=\"{&quot;background_background&quot;:&quot;gradient&quot;}\">\n\t\t<div class=\"elementor-element elementor-element-24fcebda e-con-full e-flex e-con e-child\" data-id=\"24fcebda\" data-element_type=\"container\">\n\t\t<div class=\"elementor-element elementor-element-5e7981ef e-flex e-con-boxed e-con e-child\" data-id=\"5e7981ef\" data-element_type=\"container\">\n\t\t\t\t\t<div class=\"e-con-inner\">\n\t\t\t\t<div class=\"elementor-element elementor-element-4b25d4e9 elementor-widget elementor-widget-heading\" data-id=\"4b25d4e9\" data-element_type=\"widget\" data-widget_type=\"heading.default\">\n\t\t\t\t<div class=\"elementor-widget-container\">\n\t\t\t<h4 class=\"elementor-heading-title elementor-size-default\">Convi\u00e9rtase en socio minorista\n<\/h4>\t\t<\/div>\n\t\t\t\t<\/div>\n\t\t\t\t<div class=\"elementor-element elementor-element-52e6b9a0 elementor-invisible elementor-widget elementor-widget-text-editor\" data-id=\"52e6b9a0\" data-element_type=\"widget\" data-settings=\"{&quot;_animation&quot;:&quot;fadeIn&quot;,&quot;_animation_delay&quot;:200}\" data-widget_type=\"text-editor.default\">\n\t\t\t\t<div class=\"elementor-widget-container\">\n\t\t\t\t\t\t\t<p>\u00bfEst\u00e1 interesado en integrar nuestra tecnolog\u00eda de puntos de contacto en su estrategia minorista? Cont\u00e1ctenos para explorar oportunidades de asociaci\u00f3n y dar el primer paso hacia un entorno minorista m\u00e1s inteligente y atractivo.<\/p>\t\t\t\t\t\t<\/div>\n\t\t\t\t<\/div>\n\t\t\t\t<div class=\"elementor-element elementor-element-3b922a6d elementor-widget-divider--view-line elementor-widget elementor-widget-divider\" data-id=\"3b922a6d\" data-element_type=\"widget\" data-widget_type=\"divider.default\">\n\t\t\t\t<div class=\"elementor-widget-container\">\n\t\t\t\t\t<div class=\"elementor-divider\">\n\t\t\t<span class=\"elementor-divider-separator\">\n\t\t\t\t\t\t<\/span>\n\t\t<\/div>\n\t\t\t\t<\/div>\n\t\t\t\t<\/div>\n\t\t\t\t<div class=\"elementor-element elementor-element-c595fce elementor-mobile-align-justify animated-fast elementor-align-justify elementor-invisible elementor-widget elementor-widget-button\" data-id=\"c595fce\" data-element_type=\"widget\" data-settings=\"{&quot;_animation&quot;:&quot;fadeIn&quot;,&quot;_animation_delay&quot;:400}\" data-widget_type=\"button.default\">\n\t\t\t\t<div class=\"elementor-widget-container\">\n\t\t\t\t\t<div class=\"elementor-button-wrapper\">\n\t\t\t<a class=\"elementor-button elementor-button-link elementor-size-sm elementor-animation-float\" href=\"#elementor-action%3Aaction%3Dpopup%3Aopen%26settings%3DeyJpZCI6IjU3MSIsInRvZ2dsZSI6ZmFsc2V9\">\n\t\t\t\t\t\t<span class=\"elementor-button-content-wrapper\">\n\t\t\t\t\t\t\t\t\t<span class=\"elementor-button-text\">Consigue una cotizaci\u00f3n<\/span>\n\t\t\t\t\t<\/span>\n\t\t\t\t\t<\/a>\n\t\t<\/div>\n\t\t\t\t<\/div>\n\t\t\t\t<\/div>\n\t\t\t\t\t<\/div>\n\t\t\t\t<\/div>\n\t\t\t\t<\/div>\n\t\t<div class=\"elementor-element elementor-element-7f974dc8 e-con-full e-flex e-con e-child\" data-id=\"7f974dc8\" data-element_type=\"container\">\n\t\t\t\t<div class=\"elementor-element elementor-element-f654557 elementor-invisible elementor-widget elementor-widget-image\" data-id=\"f654557\" data-element_type=\"widget\" data-settings=\"{&quot;motion_fx_motion_fx_scrolling&quot;:&quot;yes&quot;,&quot;motion_fx_translateY_effect&quot;:&quot;yes&quot;,&quot;motion_fx_translateY_direction&quot;:&quot;negative&quot;,&quot;motion_fx_translateY_speed&quot;:{&quot;unit&quot;:&quot;px&quot;,&quot;size&quot;:1.5,&quot;sizes&quot;:[]},&quot;_animation&quot;:&quot;slideInRight&quot;,&quot;motion_fx_translateY_affectedRange&quot;:{&quot;unit&quot;:&quot;%&quot;,&quot;size&quot;:&quot;&quot;,&quot;sizes&quot;:{&quot;start&quot;:0,&quot;end&quot;:100}},&quot;motion_fx_devices&quot;:[&quot;desktop&quot;,&quot;tablet&quot;,&quot;mobile&quot;]}\" data-widget_type=\"image.default\">\n\t\t\t\t<div class=\"elementor-widget-container\">\n\t\t\t\t\t\t\t\t\t\t\t\t\t<img decoding=\"async\" width=\"768\" height=\"1024\" src=\"https:\/\/thetouchpoint.co.il\/wp-content\/uploads\/2024\/02\/PHOTO-2023-06-09-17-29-05-768x1024.webp\" class=\"attachment-large size-large wp-image-901\" alt=\"\" srcset=\"https:\/\/thetouchpoint.co.il\/wp-content\/uploads\/2024\/02\/PHOTO-2023-06-09-17-29-05-768x1024.webp 768w, https:\/\/thetouchpoint.co.il\/wp-content\/uploads\/2024\/02\/PHOTO-2023-06-09-17-29-05-225x300.webp 225w, https:\/\/thetouchpoint.co.il\/wp-content\/uploads\/2024\/02\/PHOTO-2023-06-09-17-29-05-1152x1536.webp 1152w, https:\/\/thetouchpoint.co.il\/wp-content\/uploads\/2024\/02\/PHOTO-2023-06-09-17-29-05-9x12.webp 9w, https:\/\/thetouchpoint.co.il\/wp-content\/uploads\/2024\/02\/PHOTO-2023-06-09-17-29-05-600x800.webp 600w, https:\/\/thetouchpoint.co.il\/wp-content\/uploads\/2024\/02\/PHOTO-2023-06-09-17-29-05.webp 1440w\" sizes=\"(max-width: 768px) 100vw, 768px\" \/>\t\t\t\t\t\t\t\t\t\t\t\t\t<\/div>\n\t\t\t\t<\/div>\n\t\t\t\t<\/div>\n\t\t\t\t<\/div>\n\t\t<div class=\"elementor-element elementor-element-1cc1d275 e-flex e-con-boxed e-con e-parent\" data-id=\"1cc1d275\" data-element_type=\"container\" data-settings=\"{&quot;background_background&quot;:&quot;classic&quot;}\">\n\t\t\t\t\t<div class=\"e-con-inner\">\n\t\t\t\t<div class=\"elementor-element elementor-element-6df015b5 animated-slow elementor-invisible elementor-widget elementor-widget-heading\" data-id=\"6df015b5\" data-element_type=\"widget\" data-settings=\"{&quot;_animation&quot;:&quot;fadeIn&quot;}\" data-widget_type=\"heading.default\">\n\t\t\t\t<div class=\"elementor-widget-container\">\n\t\t\t<h2 class=\"elementor-heading-title elementor-size-default\">\u00bfListo para mudarse? \u00a1Obtenga una cotizaci\u00f3n ahora!<\/h2>\t\t<\/div>\n\t\t\t\t<\/div>\n\t\t\t\t<div class=\"elementor-element elementor-element-4c49dfc elementor-mobile-align-justify animated-fast elementor-align-justify elementor-invisible elementor-widget elementor-widget-button\" data-id=\"4c49dfc\" data-element_type=\"widget\" data-settings=\"{&quot;_animation&quot;:&quot;fadeIn&quot;,&quot;_animation_delay&quot;:400}\" data-widget_type=\"button.default\">\n\t\t\t\t<div class=\"elementor-widget-container\">\n\t\t\t\t\t<div class=\"elementor-button-wrapper\">\n\t\t\t<a class=\"elementor-button elementor-button-link elementor-size-sm elementor-animation-float\" href=\"#elementor-action%3Aaction%3Dpopup%3Aopen%26settings%3DeyJpZCI6IjU3MSIsInRvZ2dsZSI6ZmFsc2V9\">\n\t\t\t\t\t\t<span class=\"elementor-button-content-wrapper\">\n\t\t\t\t\t\t\t\t\t<span class=\"elementor-button-text\">Consigue una cotizaci\u00f3n<\/span>\n\t\t\t\t\t<\/span>\n\t\t\t\t\t<\/a>\n\t\t<\/div>\n\t\t\t\t<\/div>\n\t\t\t\t<\/div>\n\t\t\t\t\t<\/div>\n\t\t\t\t<\/div>\n\t\t\t\t<\/div>","protected":false},"excerpt":{"rendered":"<p>Participaci\u00f3n de los minoristas. Informar. Inspirar. En el acelerado entorno del comercio minorista, destacarse y ofrecer valor es clave para captar el inter\u00e9s y la lealtad de los clientes. Nuestras innovadoras soluciones de punto de contacto, dise\u00f1adas para minoristas con visi\u00f3n de futuro, cierran la brecha entre los productos f\u00edsicos y las experiencias digitales. Descubra c\u00f3mo nuestras etiquetas inteligentes pueden transformar sus estantes minoristas en puntos de contacto interactivos, brindando a los clientes<\/p>","protected":false},"author":1,"featured_media":0,"parent":0,"menu_order":0,"comment_status":"closed","ping_status":"closed","template":"","meta":{"_acf_changed":false,"om_disable_all_campaigns":false,"_monsterinsights_skip_tracking":false,"_monsterinsights_sitenote_active":false,"_monsterinsights_sitenote_note":"","_monsterinsights_sitenote_category":0,"footnotes":""},"class_list":["post-370","page","type-page","status-publish","hentry"],"acf":[],"aioseo_notices":[],"_links":{"self":[{"href":"https:\/\/thetouchpoint.co.il\/es\/wp-json\/wp\/v2\/pages\/370","targetHints":{"allow":["GET"]}}],"collection":[{"href":"https:\/\/thetouchpoint.co.il\/es\/wp-json\/wp\/v2\/pages"}],"about":[{"href":"https:\/\/thetouchpoint.co.il\/es\/wp-json\/wp\/v2\/types\/page"}],"author":[{"embeddable":true,"href":"https:\/\/thetouchpoint.co.il\/es\/wp-json\/wp\/v2\/users\/1"}],"replies":[{"embeddable":true,"href":"https:\/\/thetouchpoint.co.il\/es\/wp-json\/wp\/v2\/comments?post=370"}],"version-history":[{"count":0,"href":"https:\/\/thetouchpoint.co.il\/es\/wp-json\/wp\/v2\/pages\/370\/revisions"}],"wp:attachment":[{"href":"https:\/\/thetouchpoint.co.il\/es\/wp-json\/wp\/v2\/media?parent=370"}],"curies":[{"name":"wp","href":"https:\/\/api.w.org\/{rel}","templated":true}]}}