{"id":379,"date":"2024-02-16T13:40:00","date_gmt":"2024-02-16T13:40:00","guid":{"rendered":"https:\/\/thetouchpoint.co.il\/?page_id=379"},"modified":"2024-02-22T12:36:08","modified_gmt":"2024-02-22T12:36:08","slug":"museums","status":"publish","type":"page","link":"https:\/\/thetouchpoint.co.il\/es\/museos\/","title":{"rendered":"Museos"},"content":{"rendered":"<div data-elementor-type=\"wp-page\" data-elementor-id=\"379\" class=\"elementor elementor-379\" data-elementor-post-type=\"page\">\n\t\t\t\t<div class=\"elementor-element elementor-element-32334917 e-flex e-con-boxed e-con e-parent\" data-id=\"32334917\" data-element_type=\"container\" data-settings=\"{&quot;background_background&quot;:&quot;classic&quot;}\">\n\t\t\t\t\t<div class=\"e-con-inner\">\n\t\t\t\t<div class=\"elementor-element elementor-element-6362acba elementor-invisible elementor-widget elementor-widget-heading\" data-id=\"6362acba\" data-element_type=\"widget\" data-settings=\"{&quot;_animation&quot;:&quot;zoomIn&quot;}\" data-widget_type=\"heading.default\">\n\t\t\t\t<div class=\"elementor-widget-container\">\n\t\t\t<h2 class=\"elementor-heading-title elementor-size-default\">Museos<\/h2>\t\t<\/div>\n\t\t\t\t<\/div>\n\t\t\t\t\t<\/div>\n\t\t\t\t<\/div>\n\t\t<div class=\"elementor-element elementor-element-13e265f1 e-con-full e-flex e-con e-parent\" data-id=\"13e265f1\" data-element_type=\"container\" data-settings=\"{&quot;background_background&quot;:&quot;gradient&quot;}\">\n\t\t<div class=\"elementor-element elementor-element-41a6ddbf e-con-full e-flex e-con e-child\" data-id=\"41a6ddbf\" data-element_type=\"container\">\n\t\t\t\t<div class=\"elementor-element elementor-element-45f87d9f elementor-invisible elementor-widget elementor-widget-image\" data-id=\"45f87d9f\" data-element_type=\"widget\" data-settings=\"{&quot;motion_fx_motion_fx_scrolling&quot;:&quot;yes&quot;,&quot;motion_fx_translateY_effect&quot;:&quot;yes&quot;,&quot;motion_fx_translateY_direction&quot;:&quot;negative&quot;,&quot;motion_fx_translateY_speed&quot;:{&quot;unit&quot;:&quot;px&quot;,&quot;size&quot;:1.5,&quot;sizes&quot;:[]},&quot;_animation&quot;:&quot;slideInLeft&quot;,&quot;motion_fx_translateY_affectedRange&quot;:{&quot;unit&quot;:&quot;%&quot;,&quot;size&quot;:&quot;&quot;,&quot;sizes&quot;:{&quot;start&quot;:0,&quot;end&quot;:100}},&quot;motion_fx_devices&quot;:[&quot;desktop&quot;,&quot;tablet&quot;,&quot;mobile&quot;]}\" data-widget_type=\"image.default\">\n\t\t\t\t<div class=\"elementor-widget-container\">\n\t\t\t\t\t\t\t\t\t\t\t\t\t<img fetchpriority=\"high\" decoding=\"async\" width=\"768\" height=\"1024\" src=\"https:\/\/thetouchpoint.co.il\/wp-content\/uploads\/2024\/02\/WhatsApp-Image-2022-11-17-at-20.27.36.jpeg\" class=\"attachment-large size-large wp-image-381\" alt=\"\" srcset=\"https:\/\/thetouchpoint.co.il\/wp-content\/uploads\/2024\/02\/WhatsApp-Image-2022-11-17-at-20.27.36.jpeg 768w, https:\/\/thetouchpoint.co.il\/wp-content\/uploads\/2024\/02\/WhatsApp-Image-2022-11-17-at-20.27.36-225x300.jpeg 225w, https:\/\/thetouchpoint.co.il\/wp-content\/uploads\/2024\/02\/WhatsApp-Image-2022-11-17-at-20.27.36-600x800.jpeg 600w\" sizes=\"(max-width: 768px) 100vw, 768px\" \/>\t\t\t\t\t\t\t\t\t\t\t\t\t<\/div>\n\t\t\t\t<\/div>\n\t\t\t\t<\/div>\n\t\t<div class=\"elementor-element elementor-element-4a21c70f e-con-full e-flex e-con e-child\" data-id=\"4a21c70f\" data-element_type=\"container\">\n\t\t<div class=\"elementor-element elementor-element-22db1ade e-flex e-con-boxed e-con e-child\" data-id=\"22db1ade\" data-element_type=\"container\">\n\t\t\t\t\t<div class=\"e-con-inner\">\n\t\t\t\t<div class=\"elementor-element elementor-element-55f924f7 animated-slow elementor-invisible elementor-widget elementor-widget-heading\" data-id=\"55f924f7\" data-element_type=\"widget\" data-settings=\"{&quot;_animation&quot;:&quot;fadeIn&quot;}\" data-widget_type=\"heading.default\">\n\t\t\t\t<div class=\"elementor-widget-container\">\n\t\t\t<h1 class=\"elementor-heading-title elementor-size-default\">Transformando las exposiciones del museo<\/h1>\t\t<\/div>\n\t\t\t\t<\/div>\n\t\t\t\t<div class=\"elementor-element elementor-element-76b03daf elementor-invisible elementor-widget elementor-widget-text-editor\" data-id=\"76b03daf\" data-element_type=\"widget\" data-settings=\"{&quot;_animation&quot;:&quot;fadeIn&quot;,&quot;_animation_delay&quot;:200}\" data-widget_type=\"text-editor.default\">\n\t\t\t\t<div class=\"elementor-widget-container\">\n\t\t\t\t\t\t\t<p>Descubra el futuro de las exposiciones en los museos con nuestras soluciones tecnol\u00f3gicas de \u00faltima generaci\u00f3n. Dise\u00f1adas para enriquecer la experiencia del visitante, nuestras ofertas hacen que cada recorrido sea accesible, interactivo y memorable. As\u00f3ciese con nosotros para darle vida a la esencia de su exposici\u00f3n, garantizando que cada visitante se vaya con una conexi\u00f3n m\u00e1s profunda con sus exhibiciones.<\/p>\t\t\t\t\t\t<\/div>\n\t\t\t\t<\/div>\n\t\t\t\t<div class=\"elementor-element elementor-element-5ee7a935 elementor-mobile-align-justify animated-fast elementor-align-justify elementor-invisible elementor-widget elementor-widget-button\" data-id=\"5ee7a935\" data-element_type=\"widget\" data-settings=\"{&quot;_animation&quot;:&quot;fadeIn&quot;,&quot;_animation_delay&quot;:400}\" data-widget_type=\"button.default\">\n\t\t\t\t<div class=\"elementor-widget-container\">\n\t\t\t\t\t<div class=\"elementor-button-wrapper\">\n\t\t\t<a class=\"elementor-button elementor-button-link elementor-size-sm elementor-animation-float\" href=\"#elementor-action%3Aaction%3Dpopup%3Aopen%26settings%3DeyJpZCI6IjU3MSIsInRvZ2dsZSI6ZmFsc2V9\">\n\t\t\t\t\t\t<span class=\"elementor-button-content-wrapper\">\n\t\t\t\t\t\t\t\t\t<span class=\"elementor-button-text\">HABLEMOS<\/span>\n\t\t\t\t\t<\/span>\n\t\t\t\t\t<\/a>\n\t\t<\/div>\n\t\t\t\t<\/div>\n\t\t\t\t<\/div>\n\t\t\t\t\t<\/div>\n\t\t\t\t<\/div>\n\t\t\t\t<\/div>\n\t\t\t\t<\/div>\n\t\t<div class=\"elementor-element elementor-element-4ac9138d e-flex e-con-boxed e-con e-parent\" data-id=\"4ac9138d\" data-element_type=\"container\">\n\t\t\t\t\t<div class=\"e-con-inner\">\n\t\t\t\t<div class=\"elementor-element elementor-element-7105c0b animated-slow elementor-invisible elementor-widget elementor-widget-heading\" data-id=\"7105c0b\" data-element_type=\"widget\" data-settings=\"{&quot;_animation&quot;:&quot;fadeIn&quot;}\" data-widget_type=\"heading.default\">\n\t\t\t\t<div class=\"elementor-widget-container\">\n\t\t\t<h2 class=\"elementor-heading-title elementor-size-default\">\u00bfPor qu\u00e9 asociarse con nosotros?<\/h2>\t\t<\/div>\n\t\t\t\t<\/div>\n\t\t\t\t\t<\/div>\n\t\t\t\t<\/div>\n\t\t<div class=\"elementor-element elementor-element-2a93fc77 e-flex e-con-boxed elementor-invisible e-con e-parent\" data-id=\"2a93fc77\" data-element_type=\"container\" data-settings=\"{&quot;animation&quot;:&quot;fadeInUp&quot;}\">\n\t\t\t\t\t<div class=\"e-con-inner\">\n\t\t<div class=\"elementor-element elementor-element-4cd3e91f e-con-full e-flex e-con e-child\" data-id=\"4cd3e91f\" data-element_type=\"container\" data-settings=\"{&quot;background_background&quot;:&quot;classic&quot;}\">\n\t\t\t\t<div class=\"elementor-element elementor-element-5bd914ab animated-slow elementor-invisible elementor-widget elementor-widget-heading\" data-id=\"5bd914ab\" data-element_type=\"widget\" data-settings=\"{&quot;_animation&quot;:&quot;fadeIn&quot;}\" data-widget_type=\"heading.default\">\n\t\t\t\t<div class=\"elementor-widget-container\">\n\t\t\t<h3 class=\"elementor-heading-title elementor-size-default\">Experiencia de viaje personalizada<\/h3>\t\t<\/div>\n\t\t\t\t<\/div>\n\t\t\t\t<div class=\"elementor-element elementor-element-69879aa4 elementor-invisible elementor-widget elementor-widget-text-editor\" data-id=\"69879aa4\" data-element_type=\"widget\" data-settings=\"{&quot;_animation&quot;:&quot;fadeIn&quot;,&quot;_animation_delay&quot;:200}\" data-widget_type=\"text-editor.default\">\n\t\t\t\t<div class=\"elementor-widget-container\">\n\t\t\t\t\t\t\t<p>Contenido personalizado que resuena con el tema de su exposici\u00f3n, presentado en una interfaz digital f\u00e1cil de usar dise\u00f1ada para coincidir con la marca de su museo.<\/p>\t\t\t\t\t\t<\/div>\n\t\t\t\t<\/div>\n\t\t\t\t<\/div>\n\t\t<div class=\"elementor-element elementor-element-1b47cf45 e-con-full e-flex e-con e-child\" data-id=\"1b47cf45\" data-element_type=\"container\" data-settings=\"{&quot;background_background&quot;:&quot;classic&quot;}\">\n\t\t\t\t<div class=\"elementor-element elementor-element-1eb08f0d animated-slow elementor-invisible elementor-widget elementor-widget-heading\" data-id=\"1eb08f0d\" data-element_type=\"widget\" data-settings=\"{&quot;_animation&quot;:&quot;fadeIn&quot;}\" data-widget_type=\"heading.default\">\n\t\t\t\t<div class=\"elementor-widget-container\">\n\t\t\t<h3 class=\"elementor-heading-title elementor-size-default\">Accesibilidad y compromiso<\/h3>\t\t<\/div>\n\t\t\t\t<\/div>\n\t\t\t\t<div class=\"elementor-element elementor-element-4e20cd18 elementor-invisible elementor-widget elementor-widget-text-editor\" data-id=\"4e20cd18\" data-element_type=\"widget\" data-settings=\"{&quot;_animation&quot;:&quot;fadeIn&quot;,&quot;_animation_delay&quot;:200}\" data-widget_type=\"text-editor.default\">\n\t\t\t\t<div class=\"elementor-widget-container\">\n\t\t\t\t\t\t\t<p>Las soluciones se centraron en hacer que cada exhibici\u00f3n fuera accesible a un p\u00fablico m\u00e1s amplio, incluidas personas con discapacidades y hablantes no nativos, a trav\u00e9s de informaci\u00f3n digital integral.<\/p>\t\t\t\t\t\t<\/div>\n\t\t\t\t<\/div>\n\t\t\t\t<\/div>\n\t\t<div class=\"elementor-element elementor-element-5a71506e e-con-full e-flex e-con e-child\" data-id=\"5a71506e\" data-element_type=\"container\" data-settings=\"{&quot;background_background&quot;:&quot;classic&quot;}\">\n\t\t\t\t<div class=\"elementor-element elementor-element-1fce9248 animated-slow elementor-invisible elementor-widget elementor-widget-heading\" data-id=\"1fce9248\" data-element_type=\"widget\" data-settings=\"{&quot;_animation&quot;:&quot;fadeIn&quot;}\" data-widget_type=\"heading.default\">\n\t\t\t\t<div class=\"elementor-widget-container\">\n\t\t\t<h3 class=\"elementor-heading-title elementor-size-default\">Implementaci\u00f3n r\u00e1pida<\/h3>\t\t<\/div>\n\t\t\t\t<\/div>\n\t\t\t\t<div class=\"elementor-element elementor-element-38e53326 elementor-invisible elementor-widget elementor-widget-text-editor\" data-id=\"38e53326\" data-element_type=\"widget\" data-settings=\"{&quot;_animation&quot;:&quot;fadeIn&quot;,&quot;_animation_delay&quot;:200}\" data-widget_type=\"text-editor.default\">\n\t\t\t\t<div class=\"elementor-widget-container\">\n\t\t\t\t\t\t\t<p>Con el objetivo de que la exposici\u00f3n est\u00e9 en pleno funcionamiento en cuatro meses y nuestra parte completada en solo dos, gracias al contenido digital existente que se puede integrar f\u00e1cilmente en nuestra interfaz.<\/p>\t\t\t\t\t\t<\/div>\n\t\t\t\t<\/div>\n\t\t\t\t<\/div>\n\t\t\t\t\t<\/div>\n\t\t\t\t<\/div>\n\t\t<div class=\"elementor-element elementor-element-7cce0632 e-flex e-con-boxed e-con e-parent\" data-id=\"7cce0632\" data-element_type=\"container\" data-settings=\"{&quot;background_background&quot;:&quot;classic&quot;}\">\n\t\t\t\t\t<div class=\"e-con-inner\">\n\t\t\t\t<div class=\"elementor-element elementor-element-6ba0f436 animated-slow elementor-invisible elementor-widget elementor-widget-heading\" data-id=\"6ba0f436\" data-element_type=\"widget\" data-settings=\"{&quot;_animation&quot;:&quot;fadeIn&quot;}\" data-widget_type=\"heading.default\">\n\t\t\t\t<div class=\"elementor-widget-container\">\n\t\t\t<h2 class=\"elementor-heading-title elementor-size-default\">\u00bfListo para mudarse? \u00a1Obtenga una cotizaci\u00f3n ahora!<\/h2>\t\t<\/div>\n\t\t\t\t<\/div>\n\t\t\t\t<div class=\"elementor-element elementor-element-aad3c51 elementor-mobile-align-justify animated-fast elementor-align-justify elementor-invisible elementor-widget elementor-widget-button\" data-id=\"aad3c51\" data-element_type=\"widget\" data-settings=\"{&quot;_animation&quot;:&quot;fadeIn&quot;,&quot;_animation_delay&quot;:400}\" data-widget_type=\"button.default\">\n\t\t\t\t<div class=\"elementor-widget-container\">\n\t\t\t\t\t<div class=\"elementor-button-wrapper\">\n\t\t\t<a class=\"elementor-button elementor-button-link elementor-size-sm elementor-animation-float\" href=\"#elementor-action%3Aaction%3Dpopup%3Aopen%26settings%3DeyJpZCI6IjU3MSIsInRvZ2dsZSI6ZmFsc2V9\">\n\t\t\t\t\t\t<span class=\"elementor-button-content-wrapper\">\n\t\t\t\t\t\t\t\t\t<span class=\"elementor-button-text\">HABLEMOS<\/span>\n\t\t\t\t\t<\/span>\n\t\t\t\t\t<\/a>\n\t\t<\/div>\n\t\t\t\t<\/div>\n\t\t\t\t<\/div>\n\t\t\t\t\t<\/div>\n\t\t\t\t<\/div>\n\t\t\t\t<\/div>","protected":false},"excerpt":{"rendered":"<p>Museos transformando las exposiciones de los museos Descubra el futuro de las exposiciones de los museos con nuestras soluciones tecnol\u00f3gicas de vanguardia. Dise\u00f1adas para enriquecer la experiencia del visitante, nuestras ofertas hacen que cada recorrido sea accesible, interactivo y memorable. As\u00f3ciese con nosotros para darle vida a la esencia de su exposici\u00f3n, garantizando que cada visitante se vaya con una conexi\u00f3n m\u00e1s profunda con sus exhibiciones. HABLEMOS<\/p>","protected":false},"author":1,"featured_media":0,"parent":0,"menu_order":0,"comment_status":"closed","ping_status":"closed","template":"","meta":{"_acf_changed":false,"om_disable_all_campaigns":false,"_monsterinsights_skip_tracking":false,"_monsterinsights_sitenote_active":false,"_monsterinsights_sitenote_note":"","_monsterinsights_sitenote_category":0,"footnotes":""},"class_list":["post-379","page","type-page","status-publish","hentry"],"acf":[],"aioseo_notices":[],"_links":{"self":[{"href":"https:\/\/thetouchpoint.co.il\/es\/wp-json\/wp\/v2\/pages\/379","targetHints":{"allow":["GET"]}}],"collection":[{"href":"https:\/\/thetouchpoint.co.il\/es\/wp-json\/wp\/v2\/pages"}],"about":[{"href":"https:\/\/thetouchpoint.co.il\/es\/wp-json\/wp\/v2\/types\/page"}],"author":[{"embeddable":true,"href":"https:\/\/thetouchpoint.co.il\/es\/wp-json\/wp\/v2\/users\/1"}],"replies":[{"embeddable":true,"href":"https:\/\/thetouchpoint.co.il\/es\/wp-json\/wp\/v2\/comments?post=379"}],"version-history":[{"count":0,"href":"https:\/\/thetouchpoint.co.il\/es\/wp-json\/wp\/v2\/pages\/379\/revisions"}],"wp:attachment":[{"href":"https:\/\/thetouchpoint.co.il\/es\/wp-json\/wp\/v2\/media?parent=379"}],"curies":[{"name":"wp","href":"https:\/\/api.w.org\/{rel}","templated":true}]}}