{"id":401,"date":"2024-02-16T13:54:27","date_gmt":"2024-02-16T13:54:27","guid":{"rendered":"https:\/\/thetouchpoint.co.il\/?page_id=401"},"modified":"2024-02-22T12:46:57","modified_gmt":"2024-02-22T12:46:57","slug":"discover","status":"publish","type":"page","link":"https:\/\/thetouchpoint.co.il\/es\/descubrir\/","title":{"rendered":"Descubrir"},"content":{"rendered":"<div data-elementor-type=\"wp-page\" data-elementor-id=\"401\" class=\"elementor elementor-401\" data-elementor-post-type=\"page\">\n\t\t\t\t<div class=\"elementor-element elementor-element-1a32023d e-flex e-con-boxed e-con e-parent\" data-id=\"1a32023d\" data-element_type=\"container\" data-settings=\"{&quot;background_background&quot;:&quot;classic&quot;}\">\n\t\t\t\t\t<div class=\"e-con-inner\">\n\t\t\t\t<div class=\"elementor-element elementor-element-66760f58 elementor-invisible elementor-widget elementor-widget-heading\" data-id=\"66760f58\" data-element_type=\"widget\" data-settings=\"{&quot;_animation&quot;:&quot;zoomIn&quot;}\" data-widget_type=\"heading.default\">\n\t\t\t\t<div class=\"elementor-widget-container\">\n\t\t\t<h2 class=\"elementor-heading-title elementor-size-default\">Descubrir<\/h2>\t\t<\/div>\n\t\t\t\t<\/div>\n\t\t\t\t\t<\/div>\n\t\t\t\t<\/div>\n\t\t<div class=\"elementor-element elementor-element-57b1da39 e-con-full e-flex e-con e-parent\" data-id=\"57b1da39\" data-element_type=\"container\" data-settings=\"{&quot;background_background&quot;:&quot;gradient&quot;}\">\n\t\t<div class=\"elementor-element elementor-element-7265d5d e-con-full e-flex e-con e-child\" data-id=\"7265d5d\" data-element_type=\"container\">\n\t\t\t\t<div class=\"elementor-element elementor-element-76cbdc1c elementor-invisible elementor-widget elementor-widget-image\" data-id=\"76cbdc1c\" data-element_type=\"widget\" data-settings=\"{&quot;motion_fx_motion_fx_scrolling&quot;:&quot;yes&quot;,&quot;motion_fx_translateY_effect&quot;:&quot;yes&quot;,&quot;motion_fx_translateY_direction&quot;:&quot;negative&quot;,&quot;motion_fx_translateY_speed&quot;:{&quot;unit&quot;:&quot;px&quot;,&quot;size&quot;:1.5,&quot;sizes&quot;:[]},&quot;_animation&quot;:&quot;slideInLeft&quot;,&quot;motion_fx_translateY_affectedRange&quot;:{&quot;unit&quot;:&quot;%&quot;,&quot;size&quot;:&quot;&quot;,&quot;sizes&quot;:{&quot;start&quot;:0,&quot;end&quot;:100}},&quot;motion_fx_devices&quot;:[&quot;desktop&quot;,&quot;tablet&quot;,&quot;mobile&quot;]}\" data-widget_type=\"image.default\">\n\t\t\t\t<div class=\"elementor-widget-container\">\n\t\t\t\t\t\t\t\t\t\t\t\t\t<img fetchpriority=\"high\" decoding=\"async\" width=\"1333\" height=\"2000\" src=\"https:\/\/thetouchpoint.co.il\/wp-content\/uploads\/2024\/02\/Our-Project.png\" class=\"attachment-full size-full wp-image-729\" alt=\"\" srcset=\"https:\/\/thetouchpoint.co.il\/wp-content\/uploads\/2024\/02\/Our-Project.png 1333w, https:\/\/thetouchpoint.co.il\/wp-content\/uploads\/2024\/02\/Our-Project-200x300.png 200w, https:\/\/thetouchpoint.co.il\/wp-content\/uploads\/2024\/02\/Our-Project-682x1024.png 682w, https:\/\/thetouchpoint.co.il\/wp-content\/uploads\/2024\/02\/Our-Project-768x1152.png 768w, https:\/\/thetouchpoint.co.il\/wp-content\/uploads\/2024\/02\/Our-Project-1024x1536.png 1024w, https:\/\/thetouchpoint.co.il\/wp-content\/uploads\/2024\/02\/Our-Project-8x12.png 8w, https:\/\/thetouchpoint.co.il\/wp-content\/uploads\/2024\/02\/Our-Project-600x900.png 600w\" sizes=\"(max-width: 1333px) 100vw, 1333px\" \/>\t\t\t\t\t\t\t\t\t\t\t\t\t<\/div>\n\t\t\t\t<\/div>\n\t\t\t\t<\/div>\n\t\t<div class=\"elementor-element elementor-element-694709b5 e-con-full e-flex e-con e-child\" data-id=\"694709b5\" data-element_type=\"container\">\n\t\t<div class=\"elementor-element elementor-element-71f85b6a e-flex e-con-boxed e-con e-child\" data-id=\"71f85b6a\" data-element_type=\"container\">\n\t\t\t\t\t<div class=\"e-con-inner\">\n\t\t\t\t<div class=\"elementor-element elementor-element-23077142 animated-slow elementor-invisible elementor-widget elementor-widget-heading\" data-id=\"23077142\" data-element_type=\"widget\" data-settings=\"{&quot;_animation&quot;:&quot;fadeIn&quot;}\" data-widget_type=\"heading.default\">\n\t\t\t\t<div class=\"elementor-widget-container\">\n\t\t\t<h1 class=\"elementor-heading-title elementor-size-default\">Parte de algo MAYOR.<\/h1>\t\t<\/div>\n\t\t\t\t<\/div>\n\t\t\t\t<div class=\"elementor-element elementor-element-6ca13a2e elementor-invisible elementor-widget elementor-widget-text-editor\" data-id=\"6ca13a2e\" data-element_type=\"widget\" data-settings=\"{&quot;_animation&quot;:&quot;fadeIn&quot;,&quot;_animation_delay&quot;:200}\" data-widget_type=\"text-editor.default\">\n\t\t\t\t<div class=\"elementor-widget-container\">\n\t\t\t\t\t\t\t<p>Como empresa de software l\u00edder, nos especializamos en la creaci\u00f3n de soluciones personalizadas que permitan a emprendedores, empresas y medianas empresas hacer realidad sus visiones \u00fanicas. Nuestro equipo de expertos est\u00e1 dedicado a convertir sus sue\u00f1os personalizados en realidad, aprovechando tecnolog\u00eda de punta y estrategias innovadoras para brindar resultados excepcionales. Ya sea que est\u00e9 comenzando desde cero o buscando mejorar los sistemas existentes, estamos aqu\u00ed para guiarlo en cada paso del viaje de transformaci\u00f3n digital.<\/p>\t\t\t\t\t\t<\/div>\n\t\t\t\t<\/div>\n\t\t\t\t<div class=\"elementor-element elementor-element-441e5e57 elementor-mobile-align-justify animated-fast elementor-align-justify elementor-invisible elementor-widget elementor-widget-button\" data-id=\"441e5e57\" data-element_type=\"widget\" data-settings=\"{&quot;_animation&quot;:&quot;fadeIn&quot;,&quot;_animation_delay&quot;:400}\" data-widget_type=\"button.default\">\n\t\t\t\t<div class=\"elementor-widget-container\">\n\t\t\t\t\t<div class=\"elementor-button-wrapper\">\n\t\t\t<a class=\"elementor-button elementor-button-link elementor-size-sm elementor-animation-float\" href=\"https:\/\/feedu.co.il\">\n\t\t\t\t\t\t<span class=\"elementor-button-content-wrapper\">\n\t\t\t\t\t\t<span class=\"elementor-button-icon\">\n\t\t\t\t<svg aria-hidden=\"true\" class=\"e-font-icon-svg e-fas-arrow-right\" viewbox=\"0 0 448 512\" xmlns=\"http:\/\/www.w3.org\/2000\/svg\"><path d=\"M190.5 66.9l22.2-22.2c9.4-9.4 24.6-9.4 33.9 0L441 239c9.4 9.4 9.4 24.6 0 33.9L246.6 467.3c-9.4 9.4-24.6 9.4-33.9 0l-22.2-22.2c-9.5-9.5-9.3-25 .4-34.3L311.4 296H24c-13.3 0-24-10.7-24-24v-32c0-13.3 10.7-24 24-24h287.4L190.9 101.2c-9.8-9.3-10-24.8-.4-34.3z\"><\/path><\/svg>\t\t\t<\/span>\n\t\t\t\t\t\t\t\t\t<span class=\"elementor-button-text\">A nuestro sitio web centrado en el desarrollo<\/span>\n\t\t\t\t\t<\/span>\n\t\t\t\t\t<\/a>\n\t\t<\/div>\n\t\t\t\t<\/div>\n\t\t\t\t<\/div>\n\t\t\t\t\t<\/div>\n\t\t\t\t<\/div>\n\t\t\t\t<\/div>\n\t\t\t\t<\/div>\n\t\t<div class=\"elementor-element elementor-element-26f2ec74 e-flex e-con-boxed e-con e-parent\" data-id=\"26f2ec74\" data-element_type=\"container\" data-settings=\"{&quot;background_background&quot;:&quot;classic&quot;}\">\n\t\t\t\t\t<div class=\"e-con-inner\">\n\t\t<div class=\"elementor-element elementor-element-75cc7af2 e-con-full e-flex e-con e-child\" data-id=\"75cc7af2\" data-element_type=\"container\">\n\t\t\t\t<div class=\"elementor-element elementor-element-648120cf elementor-widget__width-auto elementor-widget elementor-widget-counter\" data-id=\"648120cf\" data-element_type=\"widget\" data-widget_type=\"counter.default\">\n\t\t\t\t<div class=\"elementor-widget-container\">\n\t\t\t\t\t<div class=\"elementor-counter\">\n\t\t\t<div class=\"elementor-counter-title\">Proyectos realizados<\/div>\t\t\t<div class=\"elementor-counter-number-wrapper\">\n\t\t\t\t<span class=\"elementor-counter-number-prefix\"><\/span>\n\t\t\t\t<span class=\"elementor-counter-number\" data-duration=\"2000\" data-to-value=\"50\" data-from-value=\"0\" data-delimiter=\",\">0<\/span>\n\t\t\t\t<span class=\"elementor-counter-number-suffix\">+<\/span>\n\t\t\t<\/div>\n\t\t<\/div>\n\t\t\t\t<\/div>\n\t\t\t\t<\/div>\n\t\t\t\t<\/div>\n\t\t<div class=\"elementor-element elementor-element-42210cb e-con-full e-flex e-con e-child\" data-id=\"42210cb\" data-element_type=\"container\">\n\t\t\t\t<div class=\"elementor-element elementor-element-72936930 elementor-widget__width-auto elementor-widget elementor-widget-counter\" data-id=\"72936930\" data-element_type=\"widget\" data-widget_type=\"counter.default\">\n\t\t\t\t<div class=\"elementor-widget-container\">\n\t\t\t\t\t<div class=\"elementor-counter\">\n\t\t\t<div class=\"elementor-counter-title\">Usuarios entre aplicaciones<\/div>\t\t\t<div class=\"elementor-counter-number-wrapper\">\n\t\t\t\t<span class=\"elementor-counter-number-prefix\"><\/span>\n\t\t\t\t<span class=\"elementor-counter-number\" data-duration=\"2000\" data-to-value=\"15\" data-from-value=\"0\" data-delimiter=\",\">0<\/span>\n\t\t\t\t<span class=\"elementor-counter-number-suffix\">METRO<\/span>\n\t\t\t<\/div>\n\t\t<\/div>\n\t\t\t\t<\/div>\n\t\t\t\t<\/div>\n\t\t\t\t<\/div>\n\t\t<div class=\"elementor-element elementor-element-43811abb e-con-full e-flex e-con e-child\" data-id=\"43811abb\" data-element_type=\"container\">\n\t\t\t\t<div class=\"elementor-element elementor-element-44beed34 elementor-widget__width-auto elementor-widget elementor-widget-counter\" data-id=\"44beed34\" data-element_type=\"widget\" data-widget_type=\"counter.default\">\n\t\t\t\t<div class=\"elementor-widget-container\">\n\t\t\t\t\t<div class=\"elementor-counter\">\n\t\t\t<div class=\"elementor-counter-title\">Aplicaciones de propiedad privada<\/div>\t\t\t<div class=\"elementor-counter-number-wrapper\">\n\t\t\t\t<span class=\"elementor-counter-number-prefix\"><\/span>\n\t\t\t\t<span class=\"elementor-counter-number\" data-duration=\"2000\" data-to-value=\"25\" data-from-value=\"0\" data-delimiter=\",\">0<\/span>\n\t\t\t\t<span class=\"elementor-counter-number-suffix\">+<\/span>\n\t\t\t<\/div>\n\t\t<\/div>\n\t\t\t\t<\/div>\n\t\t\t\t<\/div>\n\t\t\t\t<\/div>\n\t\t\t\t\t<\/div>\n\t\t\t\t<\/div>\n\t\t<div class=\"elementor-element elementor-element-592181b7 e-flex e-con-boxed e-con e-parent\" data-id=\"592181b7\" data-element_type=\"container\" data-settings=\"{&quot;background_background&quot;:&quot;classic&quot;}\">\n\t\t\t\t\t<div class=\"e-con-inner\">\n\t\t\t\t<div class=\"elementor-element elementor-element-14b43ed6 animated-slow elementor-invisible elementor-widget elementor-widget-heading\" data-id=\"14b43ed6\" data-element_type=\"widget\" data-settings=\"{&quot;_animation&quot;:&quot;fadeIn&quot;}\" data-widget_type=\"heading.default\">\n\t\t\t\t<div class=\"elementor-widget-container\">\n\t\t\t<h2 class=\"elementor-heading-title elementor-size-default\">\u00bfListo para mudarse? \u00a1Obtenga una cotizaci\u00f3n ahora!<\/h2>\t\t<\/div>\n\t\t\t\t<\/div>\n\t\t\t\t<div class=\"elementor-element elementor-element-7103b103 elementor-mobile-align-justify animated-fast elementor-align-justify elementor-invisible elementor-widget elementor-widget-button\" data-id=\"7103b103\" data-element_type=\"widget\" data-settings=\"{&quot;_animation&quot;:&quot;fadeIn&quot;,&quot;_animation_delay&quot;:400}\" data-widget_type=\"button.default\">\n\t\t\t\t<div class=\"elementor-widget-container\">\n\t\t\t\t\t<div class=\"elementor-button-wrapper\">\n\t\t\t<a class=\"elementor-button elementor-button-link elementor-size-sm elementor-animation-float\" href=\"#elementor-action%3Aaction%3Dpopup%3Aopen%26settings%3DeyJpZCI6IjU3MSIsInRvZ2dsZSI6ZmFsc2V9\">\n\t\t\t\t\t\t<span class=\"elementor-button-content-wrapper\">\n\t\t\t\t\t\t\t\t\t<span class=\"elementor-button-text\">Consigue una cotizaci\u00f3n<\/span>\n\t\t\t\t\t<\/span>\n\t\t\t\t\t<\/a>\n\t\t<\/div>\n\t\t\t\t<\/div>\n\t\t\t\t<\/div>\n\t\t\t\t\t<\/div>\n\t\t\t\t<\/div>\n\t\t\t\t<\/div>","protected":false},"excerpt":{"rendered":"<p>Descubra parte de algo M\u00c1S GRANDE. Como empresa de software l\u00edder, nos especializamos en la creaci\u00f3n de soluciones personalizadas que permitan a emprendedores, empresas y medianas empresas hacer realidad sus visiones \u00fanicas. Nuestro equipo de expertos est\u00e1 dedicado a convertir sus sue\u00f1os personalizados en realidad, aprovechando tecnolog\u00eda de punta y estrategias innovadoras para brindar resultados excepcionales. Ya sea que est\u00e9s comenzando<\/p>","protected":false},"author":1,"featured_media":0,"parent":0,"menu_order":0,"comment_status":"closed","ping_status":"closed","template":"","meta":{"_acf_changed":false,"om_disable_all_campaigns":false,"_monsterinsights_skip_tracking":false,"_monsterinsights_sitenote_active":false,"_monsterinsights_sitenote_note":"","_monsterinsights_sitenote_category":0,"footnotes":""},"class_list":["post-401","page","type-page","status-publish","hentry"],"acf":[],"aioseo_notices":[],"_links":{"self":[{"href":"https:\/\/thetouchpoint.co.il\/es\/wp-json\/wp\/v2\/pages\/401","targetHints":{"allow":["GET"]}}],"collection":[{"href":"https:\/\/thetouchpoint.co.il\/es\/wp-json\/wp\/v2\/pages"}],"about":[{"href":"https:\/\/thetouchpoint.co.il\/es\/wp-json\/wp\/v2\/types\/page"}],"author":[{"embeddable":true,"href":"https:\/\/thetouchpoint.co.il\/es\/wp-json\/wp\/v2\/users\/1"}],"replies":[{"embeddable":true,"href":"https:\/\/thetouchpoint.co.il\/es\/wp-json\/wp\/v2\/comments?post=401"}],"version-history":[{"count":0,"href":"https:\/\/thetouchpoint.co.il\/es\/wp-json\/wp\/v2\/pages\/401\/revisions"}],"wp:attachment":[{"href":"https:\/\/thetouchpoint.co.il\/es\/wp-json\/wp\/v2\/media?parent=401"}],"curies":[{"name":"wp","href":"https:\/\/api.w.org\/{rel}","templated":true}]}}