{"id":404,"date":"2024-02-16T13:55:01","date_gmt":"2024-02-16T13:55:01","guid":{"rendered":"https:\/\/thetouchpoint.co.il\/?page_id=404"},"modified":"2024-08-27T19:56:15","modified_gmt":"2024-08-27T19:56:15","slug":"the-family","status":"publish","type":"page","link":"https:\/\/thetouchpoint.co.il\/es\/la-familia\/","title":{"rendered":"La familia"},"content":{"rendered":"<div data-elementor-type=\"wp-page\" data-elementor-id=\"404\" class=\"elementor elementor-404\" data-elementor-post-type=\"page\">\n\t\t\t\t<div class=\"elementor-element elementor-element-33b69126 e-flex e-con-boxed e-con e-parent\" data-id=\"33b69126\" data-element_type=\"container\" data-settings=\"{&quot;background_background&quot;:&quot;classic&quot;}\">\n\t\t\t\t\t<div class=\"e-con-inner\">\n\t\t\t\t<div class=\"elementor-element elementor-element-2ddaf40d elementor-invisible elementor-widget elementor-widget-heading\" data-id=\"2ddaf40d\" data-element_type=\"widget\" data-settings=\"{&quot;_animation&quot;:&quot;zoomIn&quot;}\" data-widget_type=\"heading.default\">\n\t\t\t\t<div class=\"elementor-widget-container\">\n\t\t\t<h2 class=\"elementor-heading-title elementor-size-default\">Nuestra familia<\/h2>\t\t<\/div>\n\t\t\t\t<\/div>\n\t\t\t\t\t<\/div>\n\t\t\t\t<\/div>\n\t\t<div class=\"elementor-element elementor-element-2b21be04 e-con-full e-flex e-con e-parent\" data-id=\"2b21be04\" data-element_type=\"container\" data-settings=\"{&quot;background_background&quot;:&quot;gradient&quot;}\">\n\t\t<div class=\"elementor-element elementor-element-172f9df2 e-con-full e-flex e-con e-child\" data-id=\"172f9df2\" data-element_type=\"container\">\n\t\t\t\t<div class=\"elementor-element elementor-element-90678c6 elementor-invisible elementor-widget elementor-widget-image\" data-id=\"90678c6\" data-element_type=\"widget\" data-settings=\"{&quot;motion_fx_motion_fx_scrolling&quot;:&quot;yes&quot;,&quot;motion_fx_translateY_effect&quot;:&quot;yes&quot;,&quot;motion_fx_translateY_direction&quot;:&quot;negative&quot;,&quot;motion_fx_translateY_speed&quot;:{&quot;unit&quot;:&quot;px&quot;,&quot;size&quot;:1.5,&quot;sizes&quot;:[]},&quot;_animation&quot;:&quot;slideInLeft&quot;,&quot;motion_fx_translateY_affectedRange&quot;:{&quot;unit&quot;:&quot;%&quot;,&quot;size&quot;:&quot;&quot;,&quot;sizes&quot;:{&quot;start&quot;:0,&quot;end&quot;:100}},&quot;motion_fx_devices&quot;:[&quot;desktop&quot;,&quot;tablet&quot;,&quot;mobile&quot;]}\" data-widget_type=\"image.default\">\n\t\t\t\t<div class=\"elementor-widget-container\">\n\t\t\t\t\t\t\t\t\t\t\t\t\t<img fetchpriority=\"high\" decoding=\"async\" width=\"2048\" height=\"1536\" src=\"https:\/\/thetouchpoint.co.il\/wp-content\/uploads\/2024\/02\/PHOTO-2023-09-06-13-06-24-2.jpg\" class=\"attachment-full size-full wp-image-740\" alt=\"\" srcset=\"https:\/\/thetouchpoint.co.il\/wp-content\/uploads\/2024\/02\/PHOTO-2023-09-06-13-06-24-2.jpg 2048w, https:\/\/thetouchpoint.co.il\/wp-content\/uploads\/2024\/02\/PHOTO-2023-09-06-13-06-24-2-300x225.jpg 300w, https:\/\/thetouchpoint.co.il\/wp-content\/uploads\/2024\/02\/PHOTO-2023-09-06-13-06-24-2-1024x768.jpg 1024w, https:\/\/thetouchpoint.co.il\/wp-content\/uploads\/2024\/02\/PHOTO-2023-09-06-13-06-24-2-768x576.jpg 768w, https:\/\/thetouchpoint.co.il\/wp-content\/uploads\/2024\/02\/PHOTO-2023-09-06-13-06-24-2-1536x1152.jpg 1536w, https:\/\/thetouchpoint.co.il\/wp-content\/uploads\/2024\/02\/PHOTO-2023-09-06-13-06-24-2-16x12.jpg 16w, https:\/\/thetouchpoint.co.il\/wp-content\/uploads\/2024\/02\/PHOTO-2023-09-06-13-06-24-2-600x450.jpg 600w\" sizes=\"(max-width: 2048px) 100vw, 2048px\" \/>\t\t\t\t\t\t\t\t\t\t\t\t\t<\/div>\n\t\t\t\t<\/div>\n\t\t\t\t<\/div>\n\t\t<div class=\"elementor-element elementor-element-2ad55066 e-con-full e-flex e-con e-child\" data-id=\"2ad55066\" data-element_type=\"container\">\n\t\t<div class=\"elementor-element elementor-element-4f17c9d6 e-flex e-con-boxed e-con e-child\" data-id=\"4f17c9d6\" data-element_type=\"container\">\n\t\t\t\t\t<div class=\"e-con-inner\">\n\t\t\t\t<div class=\"elementor-element elementor-element-3dca0a2a animated-slow elementor-invisible elementor-widget elementor-widget-heading\" data-id=\"3dca0a2a\" data-element_type=\"widget\" data-settings=\"{&quot;_animation&quot;:&quot;fadeIn&quot;}\" data-widget_type=\"heading.default\">\n\t\t\t\t<div class=\"elementor-widget-container\">\n\t\t\t<h1 class=\"elementor-heading-title elementor-size-default\">Un trabajo en equipo hace que el sue\u00f1o funcione.<\/h1>\t\t<\/div>\n\t\t\t\t<\/div>\n\t\t\t\t\t<\/div>\n\t\t\t\t<\/div>\n\t\t\t\t<\/div>\n\t\t\t\t<\/div>\n\t\t<div class=\"elementor-element elementor-element-32cef6cc e-flex e-con-boxed e-con e-parent\" data-id=\"32cef6cc\" data-element_type=\"container\">\n\t\t\t\t\t<div class=\"e-con-inner\">\n\t\t<div class=\"elementor-element elementor-element-361656d7 e-con-full e-flex e-con e-child\" data-id=\"361656d7\" data-element_type=\"container\">\n\t\t\t\t<div class=\"elementor-element elementor-element-1c1f79a elementor-widget elementor-widget-heading\" data-id=\"1c1f79a\" data-element_type=\"widget\" data-widget_type=\"heading.default\">\n\t\t\t\t<div class=\"elementor-widget-container\">\n\t\t\t<h4 class=\"elementor-heading-title elementor-size-default\">CONOCE A NUESTRO EQUIPO DIRECTIVO\n<\/h4>\t\t<\/div>\n\t\t\t\t<\/div>\n\t\t\t\t<div class=\"elementor-element elementor-element-4d7d945b animated-slow elementor-invisible elementor-widget elementor-widget-heading\" data-id=\"4d7d945b\" data-element_type=\"widget\" data-settings=\"{&quot;_animation&quot;:&quot;fadeIn&quot;}\" data-widget_type=\"heading.default\">\n\t\t\t\t<div class=\"elementor-widget-container\">\n\t\t\t<h2 class=\"elementor-heading-title elementor-size-default\">Gente real. Ambiciones reales<\/h2>\t\t<\/div>\n\t\t\t\t<\/div>\n\t\t\t\t<\/div>\n\t\t<div class=\"elementor-element elementor-element-3077dec e-con-full e-flex elementor-invisible e-con e-child\" data-id=\"3077dec\" data-element_type=\"container\" data-settings=\"{&quot;animation&quot;:&quot;fadeInUp&quot;}\">\n\t\t<div class=\"elementor-element elementor-element-b848cbd e-con-full e-flex e-con e-child\" data-id=\"b848cbd\" data-element_type=\"container\">\n\t\t\t\t<div class=\"elementor-element elementor-element-47b2eff elementor-widget-tablet__width-initial elementor-widget-mobile__width-inherit elementor-widget__width-initial elementor-position-top elementor-widget elementor-widget-image-box\" data-id=\"47b2eff\" data-element_type=\"widget\" data-widget_type=\"image-box.default\">\n\t\t\t\t<div class=\"elementor-widget-container\">\n\t\t\t<div class=\"elementor-image-box-wrapper\"><figure class=\"elementor-image-box-img\"><a href=\"https:\/\/thetouchpoint.co.il\/es\/omer-sharon\/\" tabindex=\"-1\"><img decoding=\"async\" width=\"1441\" height=\"1476\" src=\"https:\/\/thetouchpoint.co.il\/wp-content\/uploads\/2024\/02\/1D878051-8497-4845-AFBF-6BE782A50588-scaled-e1708604213174.jpg\" class=\"elementor-animation-grow attachment-full size-full wp-image-1145\" alt=\"\" srcset=\"https:\/\/thetouchpoint.co.il\/wp-content\/uploads\/2024\/02\/1D878051-8497-4845-AFBF-6BE782A50588-scaled-e1708604213174.jpg 1441w, https:\/\/thetouchpoint.co.il\/wp-content\/uploads\/2024\/02\/1D878051-8497-4845-AFBF-6BE782A50588-scaled-e1708604213174-293x300.jpg 293w, https:\/\/thetouchpoint.co.il\/wp-content\/uploads\/2024\/02\/1D878051-8497-4845-AFBF-6BE782A50588-scaled-e1708604213174-1000x1024.jpg 1000w, https:\/\/thetouchpoint.co.il\/wp-content\/uploads\/2024\/02\/1D878051-8497-4845-AFBF-6BE782A50588-scaled-e1708604213174-768x787.jpg 768w, https:\/\/thetouchpoint.co.il\/wp-content\/uploads\/2024\/02\/1D878051-8497-4845-AFBF-6BE782A50588-scaled-e1708604213174-12x12.jpg 12w\" sizes=\"(max-width: 1441px) 100vw, 1441px\" \/><\/a><\/figure><div class=\"elementor-image-box-content\"><h4 class=\"elementor-image-box-title\"><a href=\"https:\/\/thetouchpoint.co.il\/es\/omer-sharon\/\">Omer Sharon<\/a><\/h4><p class=\"elementor-image-box-description\">Director ejecutivo <\/p><\/div><\/div>\t\t<\/div>\n\t\t\t\t<\/div>\n\t\t\t\t<div class=\"elementor-element elementor-element-f7ea081 elementor-widget-tablet__width-initial elementor-widget-mobile__width-inherit elementor-widget__width-initial elementor-position-top elementor-widget elementor-widget-image-box\" data-id=\"f7ea081\" data-element_type=\"widget\" data-widget_type=\"image-box.default\">\n\t\t\t\t<div class=\"elementor-widget-container\">\n\t\t\t<div class=\"elementor-image-box-wrapper\"><figure class=\"elementor-image-box-img\"><img decoding=\"async\" width=\"976\" height=\"1005\" src=\"https:\/\/thetouchpoint.co.il\/wp-content\/uploads\/2024\/02\/PHOTO-2023-07-20-21-25-41-e1708604267560.jpg\" class=\"elementor-animation-grow attachment-full size-full wp-image-1146\" alt=\"\" srcset=\"https:\/\/thetouchpoint.co.il\/wp-content\/uploads\/2024\/02\/PHOTO-2023-07-20-21-25-41-e1708604267560.jpg 976w, https:\/\/thetouchpoint.co.il\/wp-content\/uploads\/2024\/02\/PHOTO-2023-07-20-21-25-41-e1708604267560-291x300.jpg 291w, https:\/\/thetouchpoint.co.il\/wp-content\/uploads\/2024\/02\/PHOTO-2023-07-20-21-25-41-e1708604267560-768x791.jpg 768w, https:\/\/thetouchpoint.co.il\/wp-content\/uploads\/2024\/02\/PHOTO-2023-07-20-21-25-41-e1708604267560-12x12.jpg 12w\" sizes=\"(max-width: 976px) 100vw, 976px\" \/><\/figure><div class=\"elementor-image-box-content\"><h4 class=\"elementor-image-box-title\">Kobi Kasdi<\/h4><p class=\"elementor-image-box-description\">Legal, finanzas y estrategia\n<\/p><\/div><\/div>\t\t<\/div>\n\t\t\t\t<\/div>\n\t\t\t\t<div class=\"elementor-element elementor-element-987cfa5 elementor-widget-tablet__width-initial elementor-widget-mobile__width-inherit elementor-widget__width-initial elementor-position-top elementor-widget elementor-widget-image-box\" data-id=\"987cfa5\" data-element_type=\"widget\" data-widget_type=\"image-box.default\">\n\t\t\t\t<div class=\"elementor-widget-container\">\n\t\t\t<div class=\"elementor-image-box-wrapper\"><figure class=\"elementor-image-box-img\"><img loading=\"lazy\" decoding=\"async\" width=\"800\" height=\"800\" src=\"https:\/\/thetouchpoint.co.il\/wp-content\/uploads\/2024\/02\/YUVAL-1.jpeg\" class=\"elementor-animation-grow attachment-full size-full wp-image-1147\" alt=\"\" srcset=\"https:\/\/thetouchpoint.co.il\/wp-content\/uploads\/2024\/02\/YUVAL-1.jpeg 800w, https:\/\/thetouchpoint.co.il\/wp-content\/uploads\/2024\/02\/YUVAL-1-300x300.jpeg 300w, https:\/\/thetouchpoint.co.il\/wp-content\/uploads\/2024\/02\/YUVAL-1-150x150.jpeg 150w, https:\/\/thetouchpoint.co.il\/wp-content\/uploads\/2024\/02\/YUVAL-1-768x768.jpeg 768w, https:\/\/thetouchpoint.co.il\/wp-content\/uploads\/2024\/02\/YUVAL-1-12x12.jpeg 12w\" sizes=\"(max-width: 800px) 100vw, 800px\" \/><\/figure><div class=\"elementor-image-box-content\"><h4 class=\"elementor-image-box-title\">Yuval Gakman<\/h4><p class=\"elementor-image-box-description\">Jefe de ventas<\/p><\/div><\/div>\t\t<\/div>\n\t\t\t\t<\/div>\n\t\t\t\t<div class=\"elementor-element elementor-element-82e827d elementor-widget-tablet__width-initial elementor-widget-mobile__width-inherit elementor-widget__width-initial elementor-position-top elementor-widget elementor-widget-image-box\" data-id=\"82e827d\" data-element_type=\"widget\" data-widget_type=\"image-box.default\">\n\t\t\t\t<div class=\"elementor-widget-container\">\n\t\t\t<div class=\"elementor-image-box-wrapper\"><figure class=\"elementor-image-box-img\"><img loading=\"lazy\" decoding=\"async\" width=\"609\" height=\"609\" src=\"https:\/\/thetouchpoint.co.il\/wp-content\/uploads\/2024\/06\/image.jpg\" class=\"elementor-animation-grow attachment-full size-full wp-image-1428\" alt=\"\" srcset=\"https:\/\/thetouchpoint.co.il\/wp-content\/uploads\/2024\/06\/image.jpg 609w, https:\/\/thetouchpoint.co.il\/wp-content\/uploads\/2024\/06\/image-300x300.jpg 300w, https:\/\/thetouchpoint.co.il\/wp-content\/uploads\/2024\/06\/image-150x150.jpg 150w, https:\/\/thetouchpoint.co.il\/wp-content\/uploads\/2024\/06\/image-12x12.jpg 12w\" sizes=\"(max-width: 609px) 100vw, 609px\" \/><\/figure><div class=\"elementor-image-box-content\"><h4 class=\"elementor-image-box-title\">Breno Bernstein<\/h4><p class=\"elementor-image-box-description\">Ingeniero de software<\/p><\/div><\/div>\t\t<\/div>\n\t\t\t\t<\/div>\n\t\t\t\t<div class=\"elementor-element elementor-element-f602dd3 elementor-widget-tablet__width-initial elementor-widget-mobile__width-inherit elementor-widget__width-initial elementor-position-top elementor-widget elementor-widget-image-box\" data-id=\"f602dd3\" data-element_type=\"widget\" data-widget_type=\"image-box.default\">\n\t\t\t\t<div class=\"elementor-widget-container\">\n\t\t\t<div class=\"elementor-image-box-wrapper\"><figure class=\"elementor-image-box-img\"><img loading=\"lazy\" decoding=\"async\" width=\"640\" height=\"640\" src=\"https:\/\/thetouchpoint.co.il\/wp-content\/uploads\/2024\/06\/image-1.jpg\" class=\"elementor-animation-grow attachment-full size-full wp-image-1427\" alt=\"\" srcset=\"https:\/\/thetouchpoint.co.il\/wp-content\/uploads\/2024\/06\/image-1.jpg 640w, https:\/\/thetouchpoint.co.il\/wp-content\/uploads\/2024\/06\/image-1-300x300.jpg 300w, https:\/\/thetouchpoint.co.il\/wp-content\/uploads\/2024\/06\/image-1-150x150.jpg 150w, https:\/\/thetouchpoint.co.il\/wp-content\/uploads\/2024\/06\/image-1-12x12.jpg 12w\" sizes=\"(max-width: 640px) 100vw, 640px\" \/><\/figure><div class=\"elementor-image-box-content\"><h4 class=\"elementor-image-box-title\">Amit Lambert<\/h4><p class=\"elementor-image-box-description\">Coordinador de Alianzas<\/p><\/div><\/div>\t\t<\/div>\n\t\t\t\t<\/div>\n\t\t\t\t<div class=\"elementor-element elementor-element-1b5c90e elementor-widget-tablet__width-initial elementor-widget-mobile__width-inherit elementor-widget__width-initial elementor-position-top elementor-widget elementor-widget-image-box\" data-id=\"1b5c90e\" data-element_type=\"widget\" data-widget_type=\"image-box.default\">\n\t\t\t\t<div class=\"elementor-widget-container\">\n\t\t\t<div class=\"elementor-image-box-wrapper\"><figure class=\"elementor-image-box-img\"><img loading=\"lazy\" decoding=\"async\" width=\"1024\" height=\"1024\" src=\"https:\/\/thetouchpoint.co.il\/wp-content\/uploads\/2024\/08\/Group-56116.png\" class=\"elementor-animation-grow attachment-full size-full wp-image-1467\" alt=\"\" srcset=\"https:\/\/thetouchpoint.co.il\/wp-content\/uploads\/2024\/08\/Group-56116.png 1024w, https:\/\/thetouchpoint.co.il\/wp-content\/uploads\/2024\/08\/Group-56116-300x300.png 300w, https:\/\/thetouchpoint.co.il\/wp-content\/uploads\/2024\/08\/Group-56116-150x150.png 150w, https:\/\/thetouchpoint.co.il\/wp-content\/uploads\/2024\/08\/Group-56116-768x768.png 768w, https:\/\/thetouchpoint.co.il\/wp-content\/uploads\/2024\/08\/Group-56116-12x12.png 12w\" sizes=\"(max-width: 1024px) 100vw, 1024px\" \/><\/figure><div class=\"elementor-image-box-content\"><h4 class=\"elementor-image-box-title\">Hagay Shavit<\/h4><p class=\"elementor-image-box-description\">Gerente de ventas<\/p><\/div><\/div>\t\t<\/div>\n\t\t\t\t<\/div>\n\t\t\t\t<\/div>\n\t\t\t\t<\/div>\n\t\t\t\t\t<\/div>\n\t\t\t\t<\/div>\n\t\t<div class=\"elementor-element elementor-element-dab76d5 e-flex e-con-boxed e-con e-parent\" data-id=\"dab76d5\" data-element_type=\"container\" data-settings=\"{&quot;background_background&quot;:&quot;classic&quot;,&quot;motion_fx_motion_fx_scrolling&quot;:&quot;yes&quot;,&quot;motion_fx_translateY_effect&quot;:&quot;yes&quot;,&quot;motion_fx_translateY_speed&quot;:{&quot;unit&quot;:&quot;px&quot;,&quot;size&quot;:5.5,&quot;sizes&quot;:[]},&quot;motion_fx_translateY_affectedRange&quot;:{&quot;unit&quot;:&quot;%&quot;,&quot;size&quot;:&quot;&quot;,&quot;sizes&quot;:{&quot;start&quot;:21,&quot;end&quot;:100}},&quot;motion_fx_devices&quot;:[&quot;desktop&quot;,&quot;tablet&quot;,&quot;mobile&quot;]}\">\n\t\t\t\t\t<div class=\"e-con-inner\">\n\t\t\t\t\t<\/div>\n\t\t\t\t<\/div>\n\t\t<div class=\"elementor-element elementor-element-654c66bb e-flex e-con-boxed e-con e-parent\" data-id=\"654c66bb\" data-element_type=\"container\" data-settings=\"{&quot;background_background&quot;:&quot;classic&quot;}\">\n\t\t\t\t\t<div class=\"e-con-inner\">\n\t\t<div class=\"elementor-element elementor-element-492d444e e-con-full e-flex e-con e-child\" data-id=\"492d444e\" data-element_type=\"container\">\n\t\t\t\t<div class=\"elementor-element elementor-element-4cf8d532 elementor-widget__width-auto elementor-widget elementor-widget-counter\" data-id=\"4cf8d532\" data-element_type=\"widget\" data-widget_type=\"counter.default\">\n\t\t\t\t<div class=\"elementor-widget-container\">\n\t\t\t\t\t<div class=\"elementor-counter\">\n\t\t\t<div class=\"elementor-counter-title\">A\u00f1os de experiencia en software<\/div>\t\t\t<div class=\"elementor-counter-number-wrapper\">\n\t\t\t\t<span class=\"elementor-counter-number-prefix\"><\/span>\n\t\t\t\t<span class=\"elementor-counter-number\" data-duration=\"2000\" data-to-value=\"25\" data-from-value=\"0\" data-delimiter=\",\">0<\/span>\n\t\t\t\t<span class=\"elementor-counter-number-suffix\">+<\/span>\n\t\t\t<\/div>\n\t\t<\/div>\n\t\t\t\t<\/div>\n\t\t\t\t<\/div>\n\t\t\t\t<\/div>\n\t\t<div class=\"elementor-element elementor-element-118c3c4 e-con-full e-flex e-con e-child\" data-id=\"118c3c4\" data-element_type=\"container\">\n\t\t\t\t<div class=\"elementor-element elementor-element-7422100c elementor-widget__width-auto elementor-widget elementor-widget-counter\" data-id=\"7422100c\" data-element_type=\"widget\" data-widget_type=\"counter.default\">\n\t\t\t\t<div class=\"elementor-widget-container\">\n\t\t\t\t\t<div class=\"elementor-counter\">\n\t\t\t<div class=\"elementor-counter-title\">Trabajadores israel\u00edes<\/div>\t\t\t<div class=\"elementor-counter-number-wrapper\">\n\t\t\t\t<span class=\"elementor-counter-number-prefix\"><\/span>\n\t\t\t\t<span class=\"elementor-counter-number\" data-duration=\"2000\" data-to-value=\"5\" data-from-value=\"0\" data-delimiter=\",\">0<\/span>\n\t\t\t\t<span class=\"elementor-counter-number-suffix\"><\/span>\n\t\t\t<\/div>\n\t\t<\/div>\n\t\t\t\t<\/div>\n\t\t\t\t<\/div>\n\t\t\t\t<\/div>\n\t\t<div class=\"elementor-element elementor-element-64816318 e-con-full e-flex e-con e-child\" data-id=\"64816318\" data-element_type=\"container\">\n\t\t\t\t<div class=\"elementor-element elementor-element-c9c9206 elementor-widget__width-auto elementor-widget elementor-widget-counter\" data-id=\"c9c9206\" data-element_type=\"widget\" data-widget_type=\"counter.default\">\n\t\t\t\t<div class=\"elementor-widget-container\">\n\t\t\t\t\t<div class=\"elementor-counter\">\n\t\t\t<div class=\"elementor-counter-title\">Edad promedio del equipo<\/div>\t\t\t<div class=\"elementor-counter-number-wrapper\">\n\t\t\t\t<span class=\"elementor-counter-number-prefix\"><\/span>\n\t\t\t\t<span class=\"elementor-counter-number\" data-duration=\"2000\" data-to-value=\"30\" data-from-value=\"0\" data-delimiter=\",\">0<\/span>\n\t\t\t\t<span class=\"elementor-counter-number-suffix\"><\/span>\n\t\t\t<\/div>\n\t\t<\/div>\n\t\t\t\t<\/div>\n\t\t\t\t<\/div>\n\t\t\t\t<\/div>\n\t\t\t\t\t<\/div>\n\t\t\t\t<\/div>\n\t\t<div class=\"elementor-element elementor-element-78572082 e-flex e-con-boxed e-con e-parent\" data-id=\"78572082\" data-element_type=\"container\">\n\t\t\t\t\t<div class=\"e-con-inner\">\n\t\t<div class=\"elementor-element elementor-element-32d7eb75 e-con-full e-flex e-con e-child\" data-id=\"32d7eb75\" data-element_type=\"container\">\n\t\t\t\t<div class=\"elementor-element elementor-element-6512c382 animated-slow elementor-invisible elementor-widget elementor-widget-heading\" data-id=\"6512c382\" data-element_type=\"widget\" data-settings=\"{&quot;_animation&quot;:&quot;fadeIn&quot;}\" data-widget_type=\"heading.default\">\n\t\t\t\t<div class=\"elementor-widget-container\">\n\t\t\t<h2 class=\"elementor-heading-title elementor-size-default\">Tu preguntas, nosotros respondemos<\/h2>\t\t<\/div>\n\t\t\t\t<\/div>\n\t\t\t\t<div class=\"elementor-element elementor-element-87c4494 elementor-invisible elementor-widget elementor-widget-text-editor\" data-id=\"87c4494\" data-element_type=\"widget\" data-settings=\"{&quot;_animation&quot;:&quot;fadeIn&quot;,&quot;_animation_delay&quot;:200}\" data-widget_type=\"text-editor.default\">\n\t\t\t\t<div class=\"elementor-widget-container\">\n\t\t\t\t\t\t\t<p>A lo largo de nuestros a\u00f1os de operaci\u00f3n, hemos encontrado numerosas consultas confidenciales. A continuaci\u00f3n se muestran algunos ejemplos de esas preguntas.<\/p>\t\t\t\t\t\t<\/div>\n\t\t\t\t<\/div>\n\t\t\t\t<\/div>\n\t\t\t\t<div class=\"elementor-element elementor-element-3533b68f elementor-widget__width-initial elementor-widget-tablet__width-inherit elementor-widget elementor-widget-toggle\" data-id=\"3533b68f\" data-element_type=\"widget\" data-widget_type=\"toggle.default\">\n\t\t\t\t<div class=\"elementor-widget-container\">\n\t\t\t\t\t<div class=\"elementor-toggle\">\n\t\t\t\t\t\t\t<div class=\"elementor-toggle-item\">\n\t\t\t\t\t<div id=\"elementor-tab-title-8921\" class=\"elementor-tab-title\" data-tab=\"1\" role=\"button\" aria-controls=\"elementor-tab-content-8921\" aria-expanded=\"false\">\n\t\t\t\t\t\t\t\t\t\t\t\t<a class=\"elementor-toggle-title\" tabindex=\"0\">\u00bfEncontramos alegr\u00eda en nuestro trabajo?<\/a>\n\t\t\t\t\t<\/div>\n\n\t\t\t\t\t<div id=\"elementor-tab-content-8921\" class=\"elementor-tab-content elementor-clearfix\" data-tab=\"1\" role=\"region\" aria-labelledby=\"elementor-tab-title-8921\"><p>Absolutamente, lo hacemos. \u00bfQui\u00e9n no apreciar\u00eda la oportunidad de apoyar a los propietarios de empresas que realmente marcan una diferencia en sus operaciones diarias, especialmente cuando construimos relaciones significativas con ellos?<\/p><\/div>\n\t\t\t\t<\/div>\n\t\t\t\t\t\t\t<div class=\"elementor-toggle-item\">\n\t\t\t\t\t<div id=\"elementor-tab-title-8922\" class=\"elementor-tab-title\" data-tab=\"2\" role=\"button\" aria-controls=\"elementor-tab-content-8922\" aria-expanded=\"false\">\n\t\t\t\t\t\t\t\t\t\t\t\t<a class=\"elementor-toggle-title\" tabindex=\"0\">\u00bfQu\u00e9 distancias has recorrido en tus viajes?<\/a>\n\t\t\t\t\t<\/div>\n\n\t\t\t\t\t<div id=\"elementor-tab-content-8922\" class=\"elementor-tab-content elementor-clearfix\" data-tab=\"2\" role=\"region\" aria-labelledby=\"elementor-tab-title-8922\"><p>Hemos viajado y brindado servicios por toda Europa, ayudando a personas en todo el mundo, incluidas aquellas en pa\u00edses en desarrollo. Recientemente, hemos realizado varios viajes a Estados Unidos para colaborar con nuestros clientes all\u00ed.<\/p><\/div>\n\t\t\t\t<\/div>\n\t\t\t\t\t\t\t<div class=\"elementor-toggle-item\">\n\t\t\t\t\t<div id=\"elementor-tab-title-8923\" class=\"elementor-tab-title\" data-tab=\"3\" role=\"button\" aria-controls=\"elementor-tab-content-8923\" aria-expanded=\"false\">\n\t\t\t\t\t\t\t\t\t\t\t\t<a class=\"elementor-toggle-title\" tabindex=\"0\">\u00bfQu\u00e9 nos motiv\u00f3 a comenzar esta empresa y cu\u00e1les fueron los pasos iniciales que tomamos para comenzar?<\/a>\n\t\t\t\t\t<\/div>\n\n\t\t\t\t\t<div id=\"elementor-tab-content-8923\" class=\"elementor-tab-content elementor-clearfix\" data-tab=\"3\" role=\"region\" aria-labelledby=\"elementor-tab-title-8923\"><p>Nuestra motivaci\u00f3n surgi\u00f3 del deseo de apoyar a las empresas en dificultades mediante el avance de soluciones confiables. Nuestro objetivo era fusionar estos elementos para presentar algo innovador y eficiente, accesible en t\u00e9rminos de costo e interfaz de usuario.<\/p><\/div>\n\t\t\t\t<\/div>\n\t\t\t\t\t\t\t\t\t\t<script type=\"application\/ld+json\">{\n    \"@context\": \"https:\\\/\\\/schema.org\",\n    \"@type\": \"FAQPage\",\n    \"mainEntity\": [\n        {\n            \"@type\": \"Question\",\n            \"name\": \"Do we find joy in our work?\",\n            \"acceptedAnswer\": {\n                \"@type\": \"Answer\",\n                \"text\": \"<p>Absolutely, we do. Who wouldn&#8217;t cherish the opportunity to support business owners who genuinely make a difference in their daily operations, especially as we build meaningful relationships with them?<\\\/p>\"\n            }\n        },\n        {\n            \"@type\": \"Question\",\n            \"name\": \"What distances have you covered in your travels?\",\n            \"acceptedAnswer\": {\n                \"@type\": \"Answer\",\n                \"text\": \"<p>We have traveled and provided services across Europe, assisting people globally, including those in developing nations. Recently, we&#8217;ve made several trips to the United States to collaborate with our clients based there.<\\\/p>\"\n            }\n        },\n        {\n            \"@type\": \"Question\",\n            \"name\": \"What motivated us to begin this venture, and what were the initial steps we took to get started?\",\n            \"acceptedAnswer\": {\n                \"@type\": \"Answer\",\n                \"text\": \"<p>Our motivation stemmed from a desire to support struggling businesses by advancing trusted solutions. We aimed to amalgamate these elements to introduce something both innovative and efficient, accessible in terms of cost and user interface.<\\\/p>\"\n            }\n        }\n    ]\n}<\/script>\n\t\t\t\t\t<\/div>\n\t\t\t\t<\/div>\n\t\t\t\t<\/div>\n\t\t\t\t\t<\/div>\n\t\t\t\t<\/div>\n\t\t\t\t<\/div>","protected":false},"excerpt":{"rendered":"<p>Our Family Teamwork makes the dream work. MEET OUR MANAGEMENT TEAM Real People. Real Ambitions Omer Sharon Chief Executive Officer Kobi Kasdi Legal, finance, and strategy Yuval Gakman Head of Sales Breno Bernstein Software Engineer Amit Lambert Partnership Coordinator Hagay Shavit Sales Manager Years Of Experience in Software 0 + Israeli Workers 0 Average team [&hellip;]<\/p>","protected":false},"author":1,"featured_media":0,"parent":0,"menu_order":0,"comment_status":"closed","ping_status":"closed","template":"","meta":{"_acf_changed":false,"om_disable_all_campaigns":false,"_monsterinsights_skip_tracking":false,"_monsterinsights_sitenote_active":false,"_monsterinsights_sitenote_note":"","_monsterinsights_sitenote_category":0,"footnotes":""},"class_list":["post-404","page","type-page","status-publish","hentry"],"acf":[],"aioseo_notices":[],"_links":{"self":[{"href":"https:\/\/thetouchpoint.co.il\/es\/wp-json\/wp\/v2\/pages\/404","targetHints":{"allow":["GET"]}}],"collection":[{"href":"https:\/\/thetouchpoint.co.il\/es\/wp-json\/wp\/v2\/pages"}],"about":[{"href":"https:\/\/thetouchpoint.co.il\/es\/wp-json\/wp\/v2\/types\/page"}],"author":[{"embeddable":true,"href":"https:\/\/thetouchpoint.co.il\/es\/wp-json\/wp\/v2\/users\/1"}],"replies":[{"embeddable":true,"href":"https:\/\/thetouchpoint.co.il\/es\/wp-json\/wp\/v2\/comments?post=404"}],"version-history":[{"count":3,"href":"https:\/\/thetouchpoint.co.il\/es\/wp-json\/wp\/v2\/pages\/404\/revisions"}],"predecessor-version":[{"id":1470,"href":"https:\/\/thetouchpoint.co.il\/es\/wp-json\/wp\/v2\/pages\/404\/revisions\/1470"}],"wp:attachment":[{"href":"https:\/\/thetouchpoint.co.il\/es\/wp-json\/wp\/v2\/media?parent=404"}],"curies":[{"name":"wp","href":"https:\/\/api.w.org\/{rel}","templated":true}]}}