{"id":661,"date":"2024-02-17T12:38:54","date_gmt":"2024-02-17T12:38:54","guid":{"rendered":"https:\/\/thetouchpoint.co.il\/?page_id=661"},"modified":"2024-02-22T12:35:59","modified_gmt":"2024-02-22T12:35:59","slug":"from-the-press","status":"publish","type":"page","link":"https:\/\/thetouchpoint.co.il\/es\/de-la-prensa\/","title":{"rendered":"De la prensa"},"content":{"rendered":"<div data-elementor-type=\"wp-page\" data-elementor-id=\"661\" class=\"elementor elementor-661\" data-elementor-post-type=\"page\">\n\t\t\t\t<div class=\"elementor-element elementor-element-f307b6d e-flex e-con-boxed e-con e-parent\" data-id=\"f307b6d\" data-element_type=\"container\" data-settings=\"{&quot;background_background&quot;:&quot;classic&quot;}\">\n\t\t\t\t\t<div class=\"e-con-inner\">\n\t\t\t\t<div class=\"elementor-element elementor-element-4798286 elementor-widget__width-inherit elementor-invisible elementor-widget elementor-widget-heading\" data-id=\"4798286\" data-element_type=\"widget\" data-settings=\"{&quot;_animation&quot;:&quot;fadeIn&quot;}\" data-widget_type=\"heading.default\">\n\t\t\t\t<div class=\"elementor-widget-container\">\n\t\t\t<h2 class=\"elementor-heading-title elementor-size-default\">De la prensa<\/h2>\t\t<\/div>\n\t\t\t\t<\/div>\n\t\t\t\t<div class=\"elementor-element elementor-element-cdcfc6f elementor-widget elementor-widget-html\" data-id=\"cdcfc6f\" data-element_type=\"widget\" data-widget_type=\"html.default\">\n\t\t\t\t<div class=\"elementor-widget-container\">\n\t\t\t<!DOCTYPE html>\n<html lang=\"en\">\n<head>\n    <meta charset=\"UTF-8\">\n    <meta name=\"viewport\" content=\"width=device-width, initial-scale=1.0\">\n    <title>Documento<\/title>\n<\/head>\n<body>\n\n    <script>\n        document.addEventListener('DOMContentLoaded', function() {\n            \/\/ For elements with class 'press_1'\n            document.querySelectorAll('.press_1').forEach(function(el) {\n                el.style.cursor = 'pointer';\n                el.addEventListener('click', function() {\n                    window.open('https:\/\/www.coca-colahellenic.com\/en\/cchbc-ventures\/100k-startup-challenge-2023', '_blank');\n                });\n            });\n\n            \/\/ For elements with class 'press_2'\n            document.querySelectorAll('.press_2').forEach(function(el) {\n                el.style.cursor = 'pointer';\n                el.addEventListener('click', function() {\n                    window.open('https:\/\/kibbutz.mynet.co.il\/local_news\/article\/rkvyrdvwi', '_blank');\n                });\n            });\n\n            \/\/ For elements with class 'press_3'\n            document.querySelectorAll('.press_3').forEach(function(el) {\n                el.style.cursor = 'pointer';\n                el.addEventListener('click', function() {\n                    window.open('https:\/\/finance.walla.co.il\/item\/3559996?utm_campaign=socialbutton&utm_content=whatsapp&utm_medium=sharebutton&utm_source=whatsapp&utm_term=social', '_blank');\n                });\n            });\n\n            \/\/ For elements with class 'press_4'\n            document.querySelectorAll('.press_4').forEach(function(el) {\n                el.style.cursor = 'pointer';\n                el.addEventListener('click', function() {\n                    window.open('https:\/\/www.openu.ac.il\/news\/hakaton.aspx', '_blank');\n                });\n            });\n\n            \/\/ For elements with class 'press_5'\n            document.querySelectorAll('.press_5').forEach(function(el) {\n                el.style.cursor = 'pointer';\n                el.addEventListener('click', function() {\n                    window.open('https:\/\/www.ifat.com\/PersonalMail\/images\/Clips\/ORG_84049308.pdf', '_blank');\n                });\n            });\n\n            \/\/ For elements with class 'press_6'\n            document.querySelectorAll('.press_6').forEach(function(el) {\n                el.style.cursor = 'pointer';\n                el.addEventListener('click', function() {\n                    window.open('https:\/\/kib.co.il\/%D7%97%D7%91%D7%A8%D7%AA-%D7%A1%D7%98%D7%90%D7%A8%D7%98%D7%90%D7%A4-%D7%99%D7%A9%D7%A8%D7%90%D7%9C%D7%99%D7%AA-%D7%9E%D7%A9%D7%99%D7%A7%D7%94-%D7%90%D7%A4%D7%9C%D7%99%D7%A7%D7%A6%D7%99%D7%94-%D7%97\/', '_blank');\n                });\n            });\n        });\n    <\/script>\n<\/body>\n<\/html>\n\t\t<\/div>\n\t\t\t\t<\/div>\n\t\t<div class=\"elementor-element elementor-element-1b8fa12 e-con-full e-flex e-con e-child\" data-id=\"1b8fa12\" data-element_type=\"container\">\n\t\t\t\t<div class=\"elementor-element elementor-element-1f670d9 elementor-testimonial--layout-image_left elementor-testimonial--align-left elementor-widget__width-initial elementor-widget-mobile__width-inherit elementor-testimonial--skin-bubble press_1 elementor-widget elementor-widget-testimonial-carousel\" data-id=\"1f670d9\" data-element_type=\"widget\" data-settings=\"{&quot;space_between&quot;:{&quot;unit&quot;:&quot;px&quot;,&quot;size&quot;:0,&quot;sizes&quot;:[]},&quot;space_between_tablet&quot;:{&quot;unit&quot;:&quot;px&quot;,&quot;size&quot;:&quot;&quot;,&quot;sizes&quot;:[]},&quot;speed&quot;:500,&quot;autoplay&quot;:&quot;yes&quot;,&quot;autoplay_speed&quot;:5000,&quot;loop&quot;:&quot;yes&quot;,&quot;pause_on_hover&quot;:&quot;yes&quot;,&quot;pause_on_interaction&quot;:&quot;yes&quot;,&quot;space_between_mobile&quot;:{&quot;unit&quot;:&quot;px&quot;,&quot;size&quot;:10,&quot;sizes&quot;:[]}}\" data-widget_type=\"testimonial-carousel.default\">\n\t\t\t\t<div class=\"elementor-widget-container\">\n\t\t\t\t\t<div class=\"elementor-swiper\">\n\t\t\t<div class=\"elementor-main-swiper swiper\">\n\t\t\t\t<div class=\"swiper-wrapper\">\n\t\t\t\t\t\t\t\t\t\t\t<div class=\"swiper-slide\">\n\t\t\t\t\t\t\t\t\t<div class=\"elementor-testimonial\">\n\t\t\t\t\t\t\t<div class=\"elementor-testimonial__content\">\n\t\t\t\t\t<div class=\"elementor-testimonial__text\">\n\t\t\t\t\t\t&quot;Soluci\u00f3n &#039;Touchpoint&#039; para empresas HORECA que utiliza etiquetas din\u00e1micas e interactivas que se pueden tocar con tel\u00e9fonos inteligentes para acceder a informaci\u00f3n, men\u00fas, promociones y m\u00e1s. Simple y excelente&quot;\n\t\t\t\t\t<\/div>\n\t\t\t\t\t\t\t\t\t<\/div>\n\t\t\t\t\t\t<div class=\"elementor-testimonial__footer\">\n\t\t\t\t\t\t\t\t\t<div class=\"elementor-testimonial__image\">\n\t\t\t\t\t\t<img decoding=\"async\" src=\"https:\/\/thetouchpoint.co.il\/wp-content\/uploads\/2024\/02\/Screenshot-2024-02-17-at-11.23.12.png\" alt=\"Desaf\u00edo de inicio\">\n\t\t\t\t\t\t\t\t\t\t\t<\/div>\n\t\t\t\t\t\t\t\t<cite class=\"elementor-testimonial__cite\"><span class=\"elementor-testimonial__name\">Desaf\u00edo de inicio<\/span><span class=\"elementor-testimonial__title\">Coca-Cola HBC<\/span><\/cite>\t\t\t<\/div>\n\t\t<\/div>\n\t\t\t\t\t\t\t\t<\/div>\n\t\t\t\t\t\t\t\t\t<\/div>\n\t\t\t\t\t\t\t<\/div>\n\t\t<\/div>\n\t\t\t\t<\/div>\n\t\t\t\t<\/div>\n\t\t\t\t<div class=\"elementor-element elementor-element-10c2b42 elementor-testimonial--layout-image_left elementor-testimonial--align-left elementor-widget__width-initial elementor-widget-mobile__width-inherit elementor-testimonial--skin-bubble press_2 elementor-widget elementor-widget-testimonial-carousel\" data-id=\"10c2b42\" data-element_type=\"widget\" data-settings=\"{&quot;space_between&quot;:{&quot;unit&quot;:&quot;px&quot;,&quot;size&quot;:0,&quot;sizes&quot;:[]},&quot;space_between_tablet&quot;:{&quot;unit&quot;:&quot;px&quot;,&quot;size&quot;:&quot;&quot;,&quot;sizes&quot;:[]},&quot;speed&quot;:500,&quot;autoplay&quot;:&quot;yes&quot;,&quot;autoplay_speed&quot;:5000,&quot;loop&quot;:&quot;yes&quot;,&quot;pause_on_hover&quot;:&quot;yes&quot;,&quot;pause_on_interaction&quot;:&quot;yes&quot;,&quot;space_between_mobile&quot;:{&quot;unit&quot;:&quot;px&quot;,&quot;size&quot;:10,&quot;sizes&quot;:[]}}\" data-widget_type=\"testimonial-carousel.default\">\n\t\t\t\t<div class=\"elementor-widget-container\">\n\t\t\t\t\t<div class=\"elementor-swiper\">\n\t\t\t<div class=\"elementor-main-swiper swiper\">\n\t\t\t\t<div class=\"swiper-wrapper\">\n\t\t\t\t\t\t\t\t\t\t\t<div class=\"swiper-slide\">\n\t\t\t\t\t\t\t\t\t<div class=\"elementor-testimonial\">\n\t\t\t\t\t\t\t<div class=\"elementor-testimonial__content\">\n\t\t\t\t\t<div class=\"elementor-testimonial__text\">\n\t\t\t\t\t\t&quot;&#039;Adjuntar y escuchar: Beit Hanna Senesh en el Kibbutz Sdot Yam se ha hecho accesible para las personas con discapacidad visual. En el museo, se han instalado pegatinas especiales que permitir\u00e1n a las personas con discapacidad visual escuchar explicaciones a trav\u00e9s de sus tel\u00e9fonos m\u00f3viles.&quot;\n\t\t\t\t\t<\/div>\n\t\t\t\t\t\t\t\t\t<\/div>\n\t\t\t\t\t\t<div class=\"elementor-testimonial__footer\">\n\t\t\t\t\t\t\t\t\t<div class=\"elementor-testimonial__image\">\n\t\t\t\t\t\t<img decoding=\"async\" src=\"https:\/\/thetouchpoint.co.il\/wp-content\/uploads\/2024\/02\/Screenshot-2024-02-17-at-11.42.13.png\" alt=\"Accesibilidad del museo \">\n\t\t\t\t\t\t\t\t\t\t\t<\/div>\n\t\t\t\t\t\t\t\t<cite class=\"elementor-testimonial__cite\"><span class=\"elementor-testimonial__name\">Accesibilidad del museo <\/span><span class=\"elementor-testimonial__title\">Kibutz Ynet<\/span><\/cite>\t\t\t<\/div>\n\t\t<\/div>\n\t\t\t\t\t\t\t\t<\/div>\n\t\t\t\t\t\t\t\t\t<\/div>\n\t\t\t\t\t\t\t<\/div>\n\t\t<\/div>\n\t\t\t\t<\/div>\n\t\t\t\t<\/div>\n\t\t\t\t<div class=\"elementor-element elementor-element-2220285 elementor-testimonial--layout-image_left elementor-testimonial--align-left elementor-widget__width-initial elementor-widget-mobile__width-inherit elementor-testimonial--skin-bubble press_3 elementor-widget elementor-widget-testimonial-carousel\" data-id=\"2220285\" data-element_type=\"widget\" data-settings=\"{&quot;space_between&quot;:{&quot;unit&quot;:&quot;px&quot;,&quot;size&quot;:0,&quot;sizes&quot;:[]},&quot;space_between_tablet&quot;:{&quot;unit&quot;:&quot;px&quot;,&quot;size&quot;:&quot;&quot;,&quot;sizes&quot;:[]},&quot;speed&quot;:500,&quot;autoplay&quot;:&quot;yes&quot;,&quot;autoplay_speed&quot;:5000,&quot;loop&quot;:&quot;yes&quot;,&quot;pause_on_hover&quot;:&quot;yes&quot;,&quot;pause_on_interaction&quot;:&quot;yes&quot;,&quot;space_between_mobile&quot;:{&quot;unit&quot;:&quot;px&quot;,&quot;size&quot;:10,&quot;sizes&quot;:[]}}\" data-widget_type=\"testimonial-carousel.default\">\n\t\t\t\t<div class=\"elementor-widget-container\">\n\t\t\t\t\t<div class=\"elementor-swiper\">\n\t\t\t<div class=\"elementor-main-swiper swiper\">\n\t\t\t\t<div class=\"swiper-wrapper\">\n\t\t\t\t\t\t\t\t\t\t\t<div class=\"swiper-slide\">\n\t\t\t\t\t\t\t\t\t<div class=\"elementor-testimonial\">\n\t\t\t\t\t\t\t<div class=\"elementor-testimonial__content\">\n\t\t\t\t\t<div class=\"elementor-testimonial__text\">\n\t\t\t\t\t\t&quot;La tecnolog\u00eda que se conecta con el servicio al cliente Para el beneficio del servicio al cliente en este departamento, FeedU:TouchPoints est\u00e1 a su disposici\u00f3n en los estantes. Al conectar su tel\u00e9fono al estante, se conectar\u00e1 con el servicio telef\u00f3nico al cliente del departamento, que Estar\u00e1 disponible entre las 9:00 y las 20:00.&quot;\t\t\t\t\t<\/div>\n\t\t\t\t\t\t\t\t\t<\/div>\n\t\t\t\t\t\t<div class=\"elementor-testimonial__footer\">\n\t\t\t\t\t\t\t\t\t<div class=\"elementor-testimonial__image\">\n\t\t\t\t\t\t<img decoding=\"async\" src=\"https:\/\/thetouchpoint.co.il\/wp-content\/uploads\/2024\/02\/Screenshot-2024-02-17-at-14.28.01.png\" alt=\"Innovaci\u00f3n en supermercados\">\n\t\t\t\t\t\t\t\t\t\t\t<\/div>\n\t\t\t\t\t\t\t\t<cite class=\"elementor-testimonial__cite\"><span class=\"elementor-testimonial__name\">Innovaci\u00f3n en supermercados<\/span><span class=\"elementor-testimonial__title\">Walla.co.il<\/span><\/cite>\t\t\t<\/div>\n\t\t<\/div>\n\t\t\t\t\t\t\t\t<\/div>\n\t\t\t\t\t\t\t\t\t<\/div>\n\t\t\t\t\t\t\t<\/div>\n\t\t<\/div>\n\t\t\t\t<\/div>\n\t\t\t\t<\/div>\n\t\t\t\t<div class=\"elementor-element elementor-element-0e470e7 elementor-testimonial--layout-image_left elementor-testimonial--align-left elementor-widget__width-initial elementor-widget-mobile__width-inherit elementor-testimonial--skin-bubble press_4 elementor-widget elementor-widget-testimonial-carousel\" data-id=\"0e470e7\" data-element_type=\"widget\" data-settings=\"{&quot;space_between&quot;:{&quot;unit&quot;:&quot;px&quot;,&quot;size&quot;:0,&quot;sizes&quot;:[]},&quot;space_between_tablet&quot;:{&quot;unit&quot;:&quot;px&quot;,&quot;size&quot;:&quot;&quot;,&quot;sizes&quot;:[]},&quot;speed&quot;:500,&quot;autoplay&quot;:&quot;yes&quot;,&quot;autoplay_speed&quot;:5000,&quot;loop&quot;:&quot;yes&quot;,&quot;pause_on_hover&quot;:&quot;yes&quot;,&quot;pause_on_interaction&quot;:&quot;yes&quot;,&quot;space_between_mobile&quot;:{&quot;unit&quot;:&quot;px&quot;,&quot;size&quot;:10,&quot;sizes&quot;:[]}}\" data-widget_type=\"testimonial-carousel.default\">\n\t\t\t\t<div class=\"elementor-widget-container\">\n\t\t\t\t\t<div class=\"elementor-swiper\">\n\t\t\t<div class=\"elementor-main-swiper swiper\">\n\t\t\t\t<div class=\"swiper-wrapper\">\n\t\t\t\t\t\t\t\t\t\t\t<div class=\"swiper-slide\">\n\t\t\t\t\t\t\t\t\t<div class=\"elementor-testimonial\">\n\t\t\t\t\t\t\t<div class=\"elementor-testimonial__content\">\n\t\t\t\t\t<div class=\"elementor-testimonial__text\">\n\t\t\t\t\t\t&quot;Como parte del concurso, el equipo desarroll\u00f3 una aplicaci\u00f3n destinada a abordar el desaf\u00edo planteado por el municipio de Ramat Gan: los &quot;tablones de anuncios electr\u00f3nicos&quot;. En el hackathon, equipos de estudiantes y estudiantes compitieron sobre soluciones digitales y otras cuestiones profesionales dirigidas para hacer avanzar la industria, la econom\u00eda y la comunidad en Israel&quot;.\t\t\t\t\t<\/div>\n\t\t\t\t\t\t\t\t\t<\/div>\n\t\t\t\t\t\t<div class=\"elementor-testimonial__footer\">\n\t\t\t\t\t\t\t\t\t<div class=\"elementor-testimonial__image\">\n\t\t\t\t\t\t<img decoding=\"async\" src=\"https:\/\/thetouchpoint.co.il\/wp-content\/uploads\/2024\/02\/Screenshot-2024-02-17-at-14.28.13.png\" alt=\"Hackat\u00f3n de ingenieros\">\n\t\t\t\t\t\t\t\t\t\t\t<\/div>\n\t\t\t\t\t\t\t\t<cite class=\"elementor-testimonial__cite\"><span class=\"elementor-testimonial__name\">Hackat\u00f3n de ingenieros<\/span><span class=\"elementor-testimonial__title\">universidad de israel<\/span><\/cite>\t\t\t<\/div>\n\t\t<\/div>\n\t\t\t\t\t\t\t\t<\/div>\n\t\t\t\t\t\t\t\t\t<\/div>\n\t\t\t\t\t\t\t<\/div>\n\t\t<\/div>\n\t\t\t\t<\/div>\n\t\t\t\t<\/div>\n\t\t\t\t<div class=\"elementor-element elementor-element-29f9480 elementor-testimonial--layout-image_left elementor-testimonial--align-left elementor-widget__width-initial elementor-widget-mobile__width-inherit elementor-testimonial--skin-bubble press_5 elementor-widget elementor-widget-testimonial-carousel\" data-id=\"29f9480\" data-element_type=\"widget\" data-settings=\"{&quot;space_between&quot;:{&quot;unit&quot;:&quot;px&quot;,&quot;size&quot;:0,&quot;sizes&quot;:[]},&quot;space_between_tablet&quot;:{&quot;unit&quot;:&quot;px&quot;,&quot;size&quot;:&quot;&quot;,&quot;sizes&quot;:[]},&quot;speed&quot;:500,&quot;autoplay&quot;:&quot;yes&quot;,&quot;autoplay_speed&quot;:5000,&quot;loop&quot;:&quot;yes&quot;,&quot;pause_on_hover&quot;:&quot;yes&quot;,&quot;pause_on_interaction&quot;:&quot;yes&quot;,&quot;space_between_mobile&quot;:{&quot;unit&quot;:&quot;px&quot;,&quot;size&quot;:10,&quot;sizes&quot;:[]}}\" data-widget_type=\"testimonial-carousel.default\">\n\t\t\t\t<div class=\"elementor-widget-container\">\n\t\t\t\t\t<div class=\"elementor-swiper\">\n\t\t\t<div class=\"elementor-main-swiper swiper\">\n\t\t\t\t<div class=\"swiper-wrapper\">\n\t\t\t\t\t\t\t\t\t\t\t<div class=\"swiper-slide\">\n\t\t\t\t\t\t\t\t\t<div class=\"elementor-testimonial\">\n\t\t\t\t\t\t\t<div class=\"elementor-testimonial__content\">\n\t\t\t\t\t<div class=\"elementor-testimonial__text\">\n\t\t\t\t\t\t&quot;Buenas noticias para el p\u00fablico con discapacidad visual: Beit Hanna Senesh en el Kibbutz Sdot Yam se ha hecho accesible para visitantes con discapacidad visual, como parte del esfuerzo general para hacer accesibles todos los sitios patrimoniales del pa\u00eds. Esta iniciativa es un esfuerzo conjunto de la Consejo para la Preservaci\u00f3n de Sitios Patrimoniales, el Ministerio de Cultura y Deportes, y el Ministerio de Jerusal\u00e9n y Patrimonio. Recientemente, se han instalado pegatinas especiales junto a los carteles explicativos del museo, que permiten a los visitantes con discapacidad visual escuchar explicaciones sin necesidad de ayuda. de otros.&quot;\t\t\t\t\t<\/div>\n\t\t\t\t\t\t\t\t\t<\/div>\n\t\t\t\t\t\t<div class=\"elementor-testimonial__footer\">\n\t\t\t\t\t\t\t\t\t<div class=\"elementor-testimonial__image\">\n\t\t\t\t\t\t<img decoding=\"async\" src=\"https:\/\/thetouchpoint.co.il\/wp-content\/uploads\/2024\/02\/Screenshot-2024-02-17-at-14.28.21.png\" alt=\"Museos para ciegos \">\n\t\t\t\t\t\t\t\t\t\t\t<\/div>\n\t\t\t\t\t\t\t\t<cite class=\"elementor-testimonial__cite\"><span class=\"elementor-testimonial__name\">Museos para ciegos <\/span><span class=\"elementor-testimonial__title\">Reserva de Monumentos<\/span><\/cite>\t\t\t<\/div>\n\t\t<\/div>\n\t\t\t\t\t\t\t\t<\/div>\n\t\t\t\t\t\t\t\t\t<\/div>\n\t\t\t\t\t\t\t<\/div>\n\t\t<\/div>\n\t\t\t\t<\/div>\n\t\t\t\t<\/div>\n\t\t\t\t<div class=\"elementor-element elementor-element-25a5260 elementor-testimonial--layout-image_left elementor-testimonial--align-left elementor-widget__width-initial elementor-widget-mobile__width-inherit elementor-testimonial--skin-bubble press_6 elementor-widget elementor-widget-testimonial-carousel\" data-id=\"25a5260\" data-element_type=\"widget\" data-settings=\"{&quot;space_between&quot;:{&quot;unit&quot;:&quot;px&quot;,&quot;size&quot;:0,&quot;sizes&quot;:[]},&quot;space_between_tablet&quot;:{&quot;unit&quot;:&quot;px&quot;,&quot;size&quot;:&quot;&quot;,&quot;sizes&quot;:[]},&quot;speed&quot;:500,&quot;autoplay&quot;:&quot;yes&quot;,&quot;autoplay_speed&quot;:5000,&quot;loop&quot;:&quot;yes&quot;,&quot;pause_on_hover&quot;:&quot;yes&quot;,&quot;pause_on_interaction&quot;:&quot;yes&quot;,&quot;space_between_mobile&quot;:{&quot;unit&quot;:&quot;px&quot;,&quot;size&quot;:10,&quot;sizes&quot;:[]}}\" data-widget_type=\"testimonial-carousel.default\">\n\t\t\t\t<div class=\"elementor-widget-container\">\n\t\t\t\t\t<div class=\"elementor-swiper\">\n\t\t\t<div class=\"elementor-main-swiper swiper\">\n\t\t\t\t<div class=\"swiper-wrapper\">\n\t\t\t\t\t\t\t\t\t\t\t<div class=\"swiper-slide\">\n\t\t\t\t\t\t\t\t\t<div class=\"elementor-testimonial\">\n\t\t\t\t\t\t\t<div class=\"elementor-testimonial__content\">\n\t\t\t\t\t<div class=\"elementor-testimonial__text\">\n\t\t\t\t\t\t&quot;&quot;Feed-U Ltd.&quot;, una startup israel\u00ed, est\u00e1 lanzando una aplicaci\u00f3n social exclusiva para alimentos. Se trata de una joven empresa de tecnolog\u00eda israel\u00ed que ha establecido audazmente una red social dedicada exclusivamente a los alimentos.&quot;\t\t\t\t\t<\/div>\n\t\t\t\t\t\t\t\t\t<\/div>\n\t\t\t\t\t\t<div class=\"elementor-testimonial__footer\">\n\t\t\t\t\t\t\t\t\t<div class=\"elementor-testimonial__image\">\n\t\t\t\t\t\t<img decoding=\"async\" src=\"https:\/\/thetouchpoint.co.il\/wp-content\/uploads\/2024\/02\/Screenshot-2024-02-17-at-14.28.30.png\" alt=\"Comida Redes Sociales\">\n\t\t\t\t\t\t\t\t\t\t\t<\/div>\n\t\t\t\t\t\t\t\t<cite class=\"elementor-testimonial__cite\"><span class=\"elementor-testimonial__name\">Comida Redes Sociales<\/span><span class=\"elementor-testimonial__title\">Portal de negocios<\/span><\/cite>\t\t\t<\/div>\n\t\t<\/div>\n\t\t\t\t\t\t\t\t<\/div>\n\t\t\t\t\t\t\t\t\t<\/div>\n\t\t\t\t\t\t\t<\/div>\n\t\t<\/div>\n\t\t\t\t<\/div>\n\t\t\t\t<\/div>\n\t\t\t\t<\/div>\n\t\t\t\t\t<\/div>\n\t\t\t\t<\/div>\n\t\t\t\t<\/div>","protected":false},"excerpt":{"rendered":"<p>From the Press Document &#8220;&#8216;Touchpoint\u2019 solution for HORECA businesses using dynamic and interactive tags that can be tapped with smartphones to access information, menus, promotions, and more.- Simple &#038; Great&#8221; Startup ChallangeCoca-Cola HBC &#8220;&#8216;Attaching and Listening: Beit Hanna Senesh in Kibbutz Sdot Yam has been made accessible for the visually impaired. In the museum, special [&hellip;]<\/p>","protected":false},"author":1,"featured_media":0,"parent":0,"menu_order":0,"comment_status":"closed","ping_status":"closed","template":"","meta":{"_acf_changed":false,"om_disable_all_campaigns":false,"_monsterinsights_skip_tracking":false,"_monsterinsights_sitenote_active":false,"_monsterinsights_sitenote_note":"","_monsterinsights_sitenote_category":0,"footnotes":""},"class_list":["post-661","page","type-page","status-publish","hentry"],"acf":[],"aioseo_notices":[],"_links":{"self":[{"href":"https:\/\/thetouchpoint.co.il\/es\/wp-json\/wp\/v2\/pages\/661","targetHints":{"allow":["GET"]}}],"collection":[{"href":"https:\/\/thetouchpoint.co.il\/es\/wp-json\/wp\/v2\/pages"}],"about":[{"href":"https:\/\/thetouchpoint.co.il\/es\/wp-json\/wp\/v2\/types\/page"}],"author":[{"embeddable":true,"href":"https:\/\/thetouchpoint.co.il\/es\/wp-json\/wp\/v2\/users\/1"}],"replies":[{"embeddable":true,"href":"https:\/\/thetouchpoint.co.il\/es\/wp-json\/wp\/v2\/comments?post=661"}],"version-history":[{"count":0,"href":"https:\/\/thetouchpoint.co.il\/es\/wp-json\/wp\/v2\/pages\/661\/revisions"}],"wp:attachment":[{"href":"https:\/\/thetouchpoint.co.il\/es\/wp-json\/wp\/v2\/media?parent=661"}],"curies":[{"name":"wp","href":"https:\/\/api.w.org\/{rel}","templated":true}]}}