{"id":833,"date":"2024-02-18T11:39:03","date_gmt":"2024-02-18T11:39:03","guid":{"rendered":"https:\/\/thetouchpoint.co.il\/?page_id=833"},"modified":"2024-02-22T12:52:17","modified_gmt":"2024-02-22T12:52:17","slug":"omer-sharon","status":"publish","type":"page","link":"https:\/\/thetouchpoint.co.il\/es\/omer-sharon\/","title":{"rendered":"Omer Sharon"},"content":{"rendered":"<div data-elementor-type=\"wp-page\" data-elementor-id=\"833\" class=\"elementor elementor-833\" data-elementor-post-type=\"page\">\n\t\t\t\t<div class=\"elementor-element elementor-element-72e3aab e-con-full e-flex e-con e-parent\" data-id=\"72e3aab\" data-element_type=\"container\" data-settings=\"{&quot;background_background&quot;:&quot;classic&quot;}\">\n\t\t<div class=\"elementor-element elementor-element-10f3e02a e-flex e-con-boxed e-con e-child\" data-id=\"10f3e02a\" data-element_type=\"container\">\n\t\t\t\t\t<div class=\"e-con-inner\">\n\t\t\t\t<div class=\"elementor-element elementor-element-60550ddf elementor-widget__width-initial elementor-invisible elementor-widget elementor-widget-image\" data-id=\"60550ddf\" data-element_type=\"widget\" data-settings=\"{&quot;_animation&quot;:&quot;fadeInUp&quot;,&quot;_animation_delay&quot;:&quot;200&quot;}\" data-widget_type=\"image.default\">\n\t\t\t\t<div class=\"elementor-widget-container\">\n\t\t\t\t\t\t\t\t\t\t\t\t\t<img fetchpriority=\"high\" decoding=\"async\" width=\"800\" height=\"819\" src=\"https:\/\/thetouchpoint.co.il\/wp-content\/uploads\/2024\/02\/1D878051-8497-4845-AFBF-6BE782A50588-scaled-e1708604213174-1000x1024.jpg\" class=\"attachment-large size-large wp-image-1145\" alt=\"\" srcset=\"https:\/\/thetouchpoint.co.il\/wp-content\/uploads\/2024\/02\/1D878051-8497-4845-AFBF-6BE782A50588-scaled-e1708604213174-1000x1024.jpg 1000w, https:\/\/thetouchpoint.co.il\/wp-content\/uploads\/2024\/02\/1D878051-8497-4845-AFBF-6BE782A50588-scaled-e1708604213174-293x300.jpg 293w, https:\/\/thetouchpoint.co.il\/wp-content\/uploads\/2024\/02\/1D878051-8497-4845-AFBF-6BE782A50588-scaled-e1708604213174-768x787.jpg 768w, https:\/\/thetouchpoint.co.il\/wp-content\/uploads\/2024\/02\/1D878051-8497-4845-AFBF-6BE782A50588-scaled-e1708604213174-12x12.jpg 12w, https:\/\/thetouchpoint.co.il\/wp-content\/uploads\/2024\/02\/1D878051-8497-4845-AFBF-6BE782A50588-scaled-e1708604213174.jpg 1441w\" sizes=\"(max-width: 800px) 100vw, 800px\" \/>\t\t\t\t\t\t\t\t\t\t\t\t\t<\/div>\n\t\t\t\t<\/div>\n\t\t\t\t<div class=\"elementor-element elementor-element-68408659 elementor-widget__width-inherit elementor-widget elementor-widget-heading\" data-id=\"68408659\" data-element_type=\"widget\" data-widget_type=\"heading.default\">\n\t\t\t\t<div class=\"elementor-widget-container\">\n\t\t\t<h2 class=\"elementor-heading-title elementor-size-default\">Omer Sharon<\/h2>\t\t<\/div>\n\t\t\t\t<\/div>\n\t\t\t\t<div class=\"elementor-element elementor-element-45b1bf51 elementor-widget__width-inherit elementor-widget elementor-widget-heading\" data-id=\"45b1bf51\" data-element_type=\"widget\" data-widget_type=\"heading.default\">\n\t\t\t\t<div class=\"elementor-widget-container\">\n\t\t\t<p class=\"elementor-heading-title elementor-size-default\">Director ejecutivo <\/p>\t\t<\/div>\n\t\t\t\t<\/div>\n\t\t\t\t\t<\/div>\n\t\t\t\t<\/div>\n\t\t<div class=\"elementor-element elementor-element-6085d8bc e-flex e-con-boxed e-con e-child\" data-id=\"6085d8bc\" data-element_type=\"container\">\n\t\t\t\t\t<div class=\"e-con-inner\">\n\t\t<div class=\"elementor-element elementor-element-204c819e e-con-full e-flex e-con e-child\" data-id=\"204c819e\" data-element_type=\"container\">\n\t\t\t\t<div class=\"elementor-element elementor-element-56301c79 elementor-widget-tablet__width-initial elementor-widget-mobile__width-inherit elementor-widget__width-inherit elementor-invisible elementor-widget elementor-widget-icon-box\" data-id=\"56301c79\" data-element_type=\"widget\" data-settings=\"{&quot;_animation&quot;:&quot;fadeInUp&quot;,&quot;_animation_delay&quot;:&quot;100&quot;}\" data-widget_type=\"icon-box.default\">\n\t\t\t\t<div class=\"elementor-widget-container\">\n\t\t\t\t\t<div class=\"elementor-icon-box-wrapper\">\n\n\t\t\t\n\t\t\t\t\t\t<div class=\"elementor-icon-box-content\">\n\n\t\t\t\t\t\t\t\t\t<h3 class=\"elementor-icon-box-title\">\n\t\t\t\t\t\t<span  >\n\t\t\t\t\t\t\tQui\u00e9n soy\t\t\t\t\t\t<\/span>\n\t\t\t\t\t<\/h3>\n\t\t\t\t\n\t\t\t\t\t\t\t\t\t<p class=\"elementor-icon-box-description\">\n\t\t\t\t\t\t\nComo emprendedor impulsado por una pasi\u00f3n inquebrantable por la innovaci\u00f3n y un apetito insaciable por el aprendizaje continuo, me destaco en el \u00e1mbito de la tecnolog\u00eda y el desarrollo empresarial. Mi trayectoria est\u00e1 respaldada por una base s\u00f3lida de liderazgo y trabajo en equipo, lo que me permite navegar las complejidades del emprendimiento con delicadeza y adaptabilidad. M\u00e1s all\u00e1 de mis habilidades y experiencia, soy un ferviente amante de la tecnolog\u00eda, siempre en busca del pr\u00f3ximo avance que redefinir\u00e1 la experiencia del usuario. Este entusiasmo por la tecnolog\u00eda no solo impulsa mis actividades profesionales, sino que tambi\u00e9n da forma a mi enfoque para resolver problemas y crear soluciones que sean tan innovadoras como impactantes.\t\t\t\t\t<\/p>\n\t\t\t\t\n\t\t\t<\/div>\n\t\t\t\n\t\t<\/div>\n\t\t\t\t<\/div>\n\t\t\t\t<\/div>\n\t\t\t\t<div class=\"elementor-element elementor-element-36408f8c animated-slow elementor-widget__width-inherit elementor-widget-tablet__width-initial elementor-widget-mobile__width-inherit e-transform elementor-widget-divider--view-line elementor-invisible elementor-widget elementor-widget-divider\" data-id=\"36408f8c\" data-element_type=\"widget\" data-settings=\"{&quot;_animation&quot;:&quot;fadeIn&quot;,&quot;_animation_delay&quot;:&quot;500&quot;,&quot;_transform_rotateZ_effect_tablet&quot;:{&quot;unit&quot;:&quot;px&quot;,&quot;size&quot;:&quot;90&quot;,&quot;sizes&quot;:[]},&quot;_transform_rotateZ_effect_mobile&quot;:{&quot;unit&quot;:&quot;px&quot;,&quot;size&quot;:&quot;0&quot;,&quot;sizes&quot;:[]},&quot;_transform_rotateZ_effect&quot;:{&quot;unit&quot;:&quot;px&quot;,&quot;size&quot;:&quot;&quot;,&quot;sizes&quot;:[]}}\" data-widget_type=\"divider.default\">\n\t\t\t\t<div class=\"elementor-widget-container\">\n\t\t\t\t\t<div class=\"elementor-divider\">\n\t\t\t<span class=\"elementor-divider-separator\">\n\t\t\t\t\t\t<\/span>\n\t\t<\/div>\n\t\t\t\t<\/div>\n\t\t\t\t<\/div>\n\t\t\t\t<div class=\"elementor-element elementor-element-2ba3a937 elementor-widget-tablet__width-initial elementor-widget-mobile__width-inherit elementor-widget__width-inherit elementor-invisible elementor-widget elementor-widget-icon-box\" data-id=\"2ba3a937\" data-element_type=\"widget\" data-settings=\"{&quot;_animation&quot;:&quot;fadeInUp&quot;,&quot;_animation_delay&quot;:&quot;100&quot;}\" data-widget_type=\"icon-box.default\">\n\t\t\t\t<div class=\"elementor-widget-container\">\n\t\t\t\t\t<div class=\"elementor-icon-box-wrapper\">\n\n\t\t\t\n\t\t\t\t\t\t<div class=\"elementor-icon-box-content\">\n\n\t\t\t\t\t\t\t\t\t<h3 class=\"elementor-icon-box-title\">\n\t\t\t\t\t\t<span  >\n\t\t\t\t\t\t\tLo que me empodera\t\t\t\t\t\t<\/span>\n\t\t\t\t\t<\/h3>\n\t\t\t\t\n\t\t\t\t\t\t\t\t\t<p class=\"elementor-icon-box-description\">\n\t\t\t\t\t\tLo que realmente me empodera es el horizonte infinito de innovaci\u00f3n dentro de la tecnolog\u00eda, un campo en constante evoluci\u00f3n que remodela continuamente la forma en que vivimos y trabajamos. La naturaleza din\u00e1mica de la tecnolog\u00eda, con sus constantes actualizaciones y avances, alimenta mi impulso para mantenerme a la vanguardia, superando los l\u00edmites de lo posible. Servir a los clientes, comprender sus necesidades y mejorar sus experiencias con soluciones innovadoras no solo cumple un prop\u00f3sito profesional sino que tambi\u00e9n enciende mi pasi\u00f3n por marcar una diferencia tangible. Esta combinaci\u00f3n de avance tecnol\u00f3gico y servicio centrado en el cliente es la piedra angular de mi motivaci\u00f3n, inspir\u00e1ndome a explorar, crear y cumplir con un compromiso inquebrantable con la excelencia.\t\t\t\t\t<\/p>\n\t\t\t\t\n\t\t\t<\/div>\n\t\t\t\n\t\t<\/div>\n\t\t\t\t<\/div>\n\t\t\t\t<\/div>\n\t\t\t\t<\/div>\n\t\t<div class=\"elementor-element elementor-element-412d290f e-con-full e-flex e-con e-child\" data-id=\"412d290f\" data-element_type=\"container\">\n\t\t\t\t<div class=\"elementor-element elementor-element-1392f686 elementor-widget-tablet__width-initial elementor-widget-mobile__width-inherit elementor-widget__width-inherit elementor-invisible elementor-widget elementor-widget-icon-box\" data-id=\"1392f686\" data-element_type=\"widget\" data-settings=\"{&quot;_animation&quot;:&quot;fadeInUp&quot;,&quot;_animation_delay&quot;:&quot;300&quot;}\" data-widget_type=\"icon-box.default\">\n\t\t\t\t<div class=\"elementor-widget-container\">\n\t\t\t\t\t<div class=\"elementor-icon-box-wrapper\">\n\n\t\t\t\n\t\t\t\t\t\t<div class=\"elementor-icon-box-content\">\n\n\t\t\t\t\t\t\t\t\t<h3 class=\"elementor-icon-box-title\">\n\t\t\t\t\t\t<span  >\n\t\t\t\t\t\t\tMi viaje\t\t\t\t\t\t<\/span>\n\t\t\t\t\t<\/h3>\n\t\t\t\t\n\t\t\t\t\t\t\t\t\t<p class=\"elementor-icon-box-description\">\n\t\t\t\t\t\tComenc\u00e9 como entrenador de baloncesto y mis habilidades de liderazgo fueron puestas a prueba y refinadas. Mi servicio militar me introdujo a la ingenier\u00eda industrial, lo que me llev\u00f3 a desempe\u00f1ar un papel como suboficial de relaciones p\u00fablicas. Al hacer la transici\u00f3n a la gesti\u00f3n de productos, me sumerg\u00ed en la tecnolog\u00eda, creando sitios web y desarrollando aplicaciones m\u00f3viles. Esta experiencia diversa me convirti\u00f3 en un emprendedor experto en tecnolog\u00eda, que combina la estrategia con la pasi\u00f3n por la innovaci\u00f3n. Cada paso enriqueci\u00f3 mi comprensi\u00f3n de la tecnolog\u00eda y los negocios, impuls\u00e1ndome hacia el aprendizaje continuo y la b\u00fasqueda de soluciones innovadoras.\t\t\t\t\t<\/p>\n\t\t\t\t\n\t\t\t<\/div>\n\t\t\t\n\t\t<\/div>\n\t\t\t\t<\/div>\n\t\t\t\t<\/div>\n\t\t\t\t<div class=\"elementor-element elementor-element-a9153d5 animated-slow elementor-widget__width-inherit elementor-widget-tablet__width-initial elementor-widget-mobile__width-inherit e-transform elementor-widget-divider--view-line elementor-invisible elementor-widget elementor-widget-divider\" data-id=\"a9153d5\" data-element_type=\"widget\" data-settings=\"{&quot;_animation&quot;:&quot;fadeIn&quot;,&quot;_animation_delay&quot;:&quot;500&quot;,&quot;_transform_rotateZ_effect_tablet&quot;:{&quot;unit&quot;:&quot;px&quot;,&quot;size&quot;:&quot;90&quot;,&quot;sizes&quot;:[]},&quot;_transform_rotateZ_effect_mobile&quot;:{&quot;unit&quot;:&quot;px&quot;,&quot;size&quot;:&quot;0&quot;,&quot;sizes&quot;:[]},&quot;_transform_rotateZ_effect&quot;:{&quot;unit&quot;:&quot;px&quot;,&quot;size&quot;:&quot;&quot;,&quot;sizes&quot;:[]}}\" data-widget_type=\"divider.default\">\n\t\t\t\t<div class=\"elementor-widget-container\">\n\t\t\t\t\t<div class=\"elementor-divider\">\n\t\t\t<span class=\"elementor-divider-separator\">\n\t\t\t\t\t\t<\/span>\n\t\t<\/div>\n\t\t\t\t<\/div>\n\t\t\t\t<\/div>\n\t\t\t\t<div class=\"elementor-element elementor-element-7c4ddc57 elementor-widget-tablet__width-initial elementor-widget-mobile__width-inherit elementor-invisible elementor-widget elementor-widget-icon-box\" data-id=\"7c4ddc57\" data-element_type=\"widget\" data-settings=\"{&quot;_animation&quot;:&quot;fadeInUp&quot;,&quot;_animation_delay&quot;:&quot;400&quot;}\" data-widget_type=\"icon-box.default\">\n\t\t\t\t<div class=\"elementor-widget-container\">\n\t\t\t\t\t<div class=\"elementor-icon-box-wrapper\">\n\n\t\t\t\n\t\t\t\t\t\t<div class=\"elementor-icon-box-content\">\n\n\t\t\t\t\t\t\t\t\t<h3 class=\"elementor-icon-box-title\">\n\t\t\t\t\t\t<span  >\n\t\t\t\t\t\t\tLo que depara el futuro\t\t\t\t\t\t<\/span>\n\t\t\t\t\t<\/h3>\n\t\t\t\t\n\t\t\t\t\t\t\t\t\t<p class=\"elementor-icon-box-description\">\n\t\t\t\t\t\tEl futuro se despliega como un lienzo repleto de oportunidades y posibilidades, que invita a la exploraci\u00f3n de mercados inexplorados y la ambici\u00f3n de servir a millones de clientes en todo el mundo. Tiene la promesa de trascender las limitaciones actuales, aprovechando la tecnolog\u00eda para desbloquear nuevas v\u00edas de impacto y crecimiento. A medida que avanzamos, la atenci\u00f3n se centrar\u00e1 en aprovechar la innovaci\u00f3n para satisfacer diversas necesidades, creando valor que resuene en todas las culturas y continentes. La visi\u00f3n es clara: ampliar el alcance de nuestros servicios, establecer conexiones significativas con usuarios de todo el mundo y dar forma a un futuro en el que la tecnolog\u00eda no solo impulse el \u00e9xito empresarial sino que tambi\u00e9n fomente la conectividad y el entendimiento globales.\t\t\t\t\t<\/p>\n\t\t\t\t\n\t\t\t<\/div>\n\t\t\t\n\t\t<\/div>\n\t\t\t\t<\/div>\n\t\t\t\t<\/div>\n\t\t\t\t<\/div>\n\t\t\t\t\t<\/div>\n\t\t\t\t<\/div>\n\t\t\t\t<\/div>\n\t\t\t\t<\/div>","protected":false},"excerpt":{"rendered":"<p>Omer Sharon Director ejecutivo \u00bfQui\u00e9n soy? Como emprendedor impulsado por una pasi\u00f3n inquebrantable por la innovaci\u00f3n y un apetito insaciable por el aprendizaje continuo, me destaco en el \u00e1mbito de la tecnolog\u00eda y el desarrollo empresarial. Mi viaje est\u00e1 respaldado por una base s\u00f3lida de liderazgo y trabajo en equipo, lo que me permite navegar las complejidades de<\/p>","protected":false},"author":1,"featured_media":0,"parent":0,"menu_order":0,"comment_status":"closed","ping_status":"closed","template":"","meta":{"_acf_changed":false,"om_disable_all_campaigns":false,"_monsterinsights_skip_tracking":false,"_monsterinsights_sitenote_active":false,"_monsterinsights_sitenote_note":"","_monsterinsights_sitenote_category":0,"footnotes":""},"class_list":["post-833","page","type-page","status-publish","hentry"],"acf":[],"aioseo_notices":[],"_links":{"self":[{"href":"https:\/\/thetouchpoint.co.il\/es\/wp-json\/wp\/v2\/pages\/833","targetHints":{"allow":["GET"]}}],"collection":[{"href":"https:\/\/thetouchpoint.co.il\/es\/wp-json\/wp\/v2\/pages"}],"about":[{"href":"https:\/\/thetouchpoint.co.il\/es\/wp-json\/wp\/v2\/types\/page"}],"author":[{"embeddable":true,"href":"https:\/\/thetouchpoint.co.il\/es\/wp-json\/wp\/v2\/users\/1"}],"replies":[{"embeddable":true,"href":"https:\/\/thetouchpoint.co.il\/es\/wp-json\/wp\/v2\/comments?post=833"}],"version-history":[{"count":0,"href":"https:\/\/thetouchpoint.co.il\/es\/wp-json\/wp\/v2\/pages\/833\/revisions"}],"wp:attachment":[{"href":"https:\/\/thetouchpoint.co.il\/es\/wp-json\/wp\/v2\/media?parent=833"}],"curies":[{"name":"wp","href":"https:\/\/api.w.org\/{rel}","templated":true}]}}